{"id":500,"date":"2025-01-28T23:55:19","date_gmt":"2025-01-28T22:55:19","guid":{"rendered":"https:\/\/malne.es\/?page_id=500"},"modified":"2025-10-13T12:42:05","modified_gmt":"2025-10-13T10:42:05","slug":"prior-appointment","status":"publish","type":"page","link":"https:\/\/malne.es\/en\/cita-previa\/","title":{"rendered":"Appointment"},"content":{"rendered":"\n\t\t<div id=\"fws_6a0399531b7ae\"  data-column-margin=\"default\" data-midnight=\"dark\"  class=\"wpb_row vc_row-fluid vc_row\"  style=\"padding-top: 40px; padding-bottom: 40px; \"><div class=\"row-bg-wrap\" data-bg-animation=\"none\" data-bg-animation-delay=\"\" data-bg-overlay=\"false\"><div class=\"inner-wrap row-bg-layer\" ><div class=\"row-bg viewport-desktop\"  style=\"\"><\/div><\/div><\/div><div class=\"row_col_wrap_12 col span_12 dark left\">\n\t<div  class=\"vc_col-sm-12 wpb_column column_container vc_column_container col no-extra-padding inherit_tablet inherit_phone \"  data-padding-pos=\"all\" data-has-bg-color=\"false\" data-bg-color=\"\" data-bg-opacity=\"1\" data-animation=\"\" data-delay=\"0\" >\n\t\t<div class=\"vc_column-inner\" >\n\t\t\t<div class=\"wpb_wrapper\">\n\t\t\t\t<div class=\"nectar-responsive-text font_size_desktop_50px font_size_phone_35px font_line_height_1-3em nectar-link-underline-effect\" style=\"color: #000000;\"><h1><em>Cita<br \/>\nPREVIA<\/em><\/h1>\n<\/div><div class=\"nectar-responsive-text nectar-link-underline-effect\"><p>Dise\u00f1amos y confeccionamos prendas exclusivas que no solo realzan la belleza femenina, sino que tambi\u00e9n reflejan elegancia, sofisticaci\u00f3n y un estilo \u00fanico. Cada pieza es creada con un toque personal de nuestros dise\u00f1adores, asegurando originalidad y detalle en cada confecci\u00f3n.<br \/>\nSi buscas una prenda especial hecha a tu medida, rellena el formulario y pide tu cita previa. Nos pondremos en contacto contigo para asesorarte y ayudarte a encontrar el dise\u00f1o perfecto para ti.<\/p>\n<\/div>\n\t\t\t<\/div> \n\t\t<\/div>\n\t<\/div> \n<\/div><\/div>\n\t\t<div id=\"fws_6a0399531cf03\"  data-column-margin=\"default\" data-midnight=\"dark\"  class=\"wpb_row vc_row-fluid vc_row  right_padding_20pct left_padding_20pct right_padding_tablet_5pct right_padding_phone_0px left_padding_tablet_5pct left_padding_phone_0px\"  style=\"padding-top: 0px; padding-bottom: 0px; \"><div class=\"row-bg-wrap\" data-bg-animation=\"none\" data-bg-animation-delay=\"\" data-bg-overlay=\"false\"><div class=\"inner-wrap row-bg-layer\" ><div class=\"row-bg viewport-desktop\"  style=\"\"><\/div><\/div><\/div><div class=\"row_col_wrap_12 col span_12 dark left\">\n\t<div  class=\"vc_col-sm-12 wpb_column column_container vc_column_container col no-extra-padding inherit_tablet inherit_phone \"  data-padding-pos=\"all\" data-has-bg-color=\"false\" data-bg-color=\"\" data-bg-opacity=\"1\" data-animation=\"\" data-delay=\"0\" >\n\t\t<div class=\"vc_column-inner\" >\n\t\t\t<div class=\"wpb_wrapper\">\n\t\t\t\t\n\t<div class=\"wpb_raw_code wpb_raw_html wpb_content_element\" >\n\t\t<div class=\"wpb_wrapper\">\n\t\t\t<div class=\"frm_forms  with_frm_style frm_style_estilo-de-formidable\" id=\"frm_form_2_container\" data-token=\"bc71bec329fa0bfd1a724d6b13e916eb\">\n<form enctype=\"multipart\/form-data\" method=\"post\" class=\"frm-show-form \" id=\"form_cita-previa\" data-token=\"bc71bec329fa0bfd1a724d6b13e916eb\">\n<div class=\"frm_form_fields \">\n<fieldset>\n<legend class=\"frm_screen_reader\">CITA PREVIA<\/legend>\r\n\r\n<div class=\"frm_fields_container\">\n<input type=\"hidden\" name=\"frm_action\" value=\"create\" \/>\n<input type=\"hidden\" name=\"form_id\" value=\"2\" \/>\n<input type=\"hidden\" name=\"frm_hide_fields_2\" id=\"frm_hide_fields_2\" value=\"\" \/>\n<input type=\"hidden\" name=\"form_key\" value=\"cita-previa\" \/>\n<input type=\"hidden\" name=\"item_meta[0]\" value=\"\" \/>\n<input type=\"hidden\" id=\"frm_submit_entry_2\" name=\"frm_submit_entry_2\" value=\"275c6b20db\" \/><input type=\"hidden\" name=\"_wp_http_referer\" value=\"\/en\/wp-json\/wp\/v2\/pages\/500\" \/><div id=\"frm_field_12_container\" class=\"frm_form_field form-field  frm_required_field frm_top_container frm6 frm_first\">\r\n\t<label for=\"field_q3uw3\" id=\"field_q3uw3_label\" class=\"frm_primary_label\">Nombre\r\n\t\t<span class=\"frm_required\" aria-hidden=\"true\">*<\/span>\r\n\t<\/label>\r\n\t<input type=\"text\" id=\"field_q3uw3\" name=\"item_meta[12]\" value=\"\"  data-reqmsg=\"Nombre no puede estar en blanco.\" aria-required=\"true\" data-invmsg=\"Nombre no es v\u00e1lido\" aria-invalid=\"false\"  \/>\r\n\t\r\n\t\r\n<\/div>\n<div id=\"frm_field_14_container\" class=\"frm_form_field form-field  frm_required_field frm_top_container frm6\">\r\n\t<label for=\"field_zlk7i\" id=\"field_zlk7i_label\" class=\"frm_primary_label\">Apellidos\r\n\t\t<span class=\"frm_required\" aria-hidden=\"true\">*<\/span>\r\n\t<\/label>\r\n\t<input type=\"text\" id=\"field_zlk7i\" name=\"item_meta[14]\" value=\"\"  data-reqmsg=\"Apellidos no puede estar en blanco.\" aria-required=\"true\" data-invmsg=\"Apellidos no es v\u00e1lido\" aria-invalid=\"false\"  \/>\r\n\t\r\n\t\r\n<\/div>\n<div id=\"frm_field_9_container\" class=\"frm_form_field form-field  frm_required_field frm_top_container frm6 frm_first\">\r\n\t<label for=\"field_oqe3z\" id=\"field_oqe3z_label\" class=\"frm_primary_label\">Correo eletr\u00f3nico\r\n\t\t<span class=\"frm_required\" aria-hidden=\"true\">*<\/span>\r\n\t<\/label>\r\n\t<input type=\"email\" id=\"field_oqe3z\" name=\"item_meta[9]\" value=\"\"  data-reqmsg=\"Correo eletr\u00f3nico no puede estar en blanco.\" aria-required=\"true\" data-invmsg=\"Correo eletr\u00f3nico no es v\u00e1lido\" aria-invalid=\"false\"  \/>\r\n\t\r\n\t\r\n<\/div>\n<div id=\"frm_field_25_container\" class=\"frm_form_field form-field  frm_top_container frm6\">\r\n\t<label for=\"field_608hj\" id=\"field_608hj_label\" class=\"frm_primary_label\">Tel\u00e9fono\r\n\t\t<span class=\"frm_required\" aria-hidden=\"true\"><\/span>\r\n\t<\/label>\r\n\t<input type=\"tel\" id=\"field_608hj\" name=\"item_meta[25]\" value=\"\"  data-invmsg=\"Tel\u00e9fono no es v\u00e1lido\" aria-invalid=\"false\" pattern=\"((\\+\\d{1,3}(-|.| )?\\(?\\d\\)?(-| |.)?\\d{1,5})|(\\(?\\d{2,6}\\)?))(-|.| )?(\\d{3,4})(-|.| )?(\\d{4})(( x| ext)\\d{1,5}){0,1}$\"  \/>\r\n\t\r\n\t\r\n<\/div>\n<div id=\"frm_field_13_container\" class=\"frm_form_field form-field  frm_top_container\">\r\n\t<label for=\"field_zvfif\" id=\"field_zvfif_label\" class=\"frm_primary_label\">Mensaje\r\n\t\t<span class=\"frm_required\" aria-hidden=\"true\"><\/span>\r\n\t<\/label>\r\n\t<textarea name=\"item_meta[13]\" id=\"field_zvfif\" rows=\"5\"  data-invmsg=\"Mensaje is invalid\" aria-invalid=\"false\"  ><\/textarea>\r\n\t\r\n\t\r\n<\/div>\n<div id=\"frm_field_11_container\" class=\"frm_form_field form-field  frm_required_field frm_top_container vertical_radio\">\r\n\t<div  id=\"field_gtydl_label\" class=\"frm_primary_label\">Aviso legal\r\n\t\t<span class=\"frm_required\" aria-hidden=\"true\">*<\/span>\r\n\t<\/div>\r\n\t<div class=\"frm_opt_container\" aria-labelledby=\"field_gtydl_label\" role=\"group\">\t\t<div class=\"frm_checkbox\" id=\"frm_checkbox_11-0\">\t\t\t<label  for=\"field_gtydl-0\">\n\t\t\t<input type=\"checkbox\" name=\"item_meta[11][]\" id=\"field_gtydl-0\" value=\"Acepto recibir comunicaciones, promociones y novedades por correo electr\u00f3nico\"  data-reqmsg=\"Aviso legal no puede estar en blanco.\" data-invmsg=\"Aviso legal is invalid\"   aria-required=\"true\"  \/> Acepto recibir comunicaciones, promociones y novedades por correo electr\u00f3nico<\/label><\/div>\n\t\t<div class=\"frm_checkbox\" id=\"frm_checkbox_11-1\">\t\t\t<label  for=\"field_gtydl-1\">\n\t\t\t<input type=\"checkbox\" name=\"item_meta[11][]\" id=\"field_gtydl-1\" value=\"He le\u00eddo y acepto el &lt;a href=&quot;\/aviso-legal\/&quot;&gt;aviso legal&lt;\/a&gt; y &lt;a href=&quot;\/politica-privacidad\/&quot;&gt;la pol\u00edtica de privacidad&lt;\/a&gt;\"  data-reqmsg=\"Aviso legal no puede estar en blanco.\" data-invmsg=\"Aviso legal is invalid\"   \/> He le\u00eddo y acepto el <a href=\"\/aviso-legal\/\">aviso legal<\/a> y <a href=\"\/politica-privacidad\/\">la pol\u00edtica de privacidad<\/a><\/label><\/div>\n<\/div>\r\n\t\r\n\t\r\n<\/div>\n<div id=\"frm_field_6_container\" class=\"frm_form_field form-field \">\r\n\t<div class=\"frm_submit frm_flex\">\r\n<button class=\"frm_button_submit\" type=\"submit\"  >Solicita cita previa <\/button>\r\n\r\n\r\n\r\n<\/div>\r\n<\/div>\n\t<input type=\"hidden\" name=\"item_key\" value=\"\" \/>\n\t\t\t<div id=\"frm_field_34_container\">\n\t\t\t<label for=\"field_xaocx\" >\n\t\t\t\tIf you are human, leave this field blank.\t\t\t<\/label>\n\t\t\t<input  id=\"field_xaocx\" type=\"text\" class=\"frm_form_field form-field frm_verify\" name=\"item_meta[34]\" value=\"\"  \/>\n\t\t<\/div>\n\t\t<input name=\"frm_state\" type=\"hidden\" value=\"NDxuOgcYZqp0\/lo0f5OM8ixSqhAUjpmzirppsieh4vs=\" \/><\/div>\n<\/fieldset>\n<\/div>\n\n<\/form>\n<\/div>\n\n\t\t<\/div>\n\t<\/div>\n\n\t\t\t<\/div> \n\t\t<\/div>\n\t<\/div> \n<\/div><\/div>\n\t\t<div id=\"fws_6a0399533023c\"  data-column-margin=\"default\" data-midnight=\"dark\"  class=\"wpb_row vc_row-fluid vc_row\"  style=\"padding-top: 0px; padding-bottom: 0px; \"><div class=\"row-bg-wrap\" data-bg-animation=\"none\" data-bg-animation-delay=\"\" data-bg-overlay=\"false\"><div class=\"inner-wrap row-bg-layer\" ><div class=\"row-bg viewport-desktop\"  style=\"\"><\/div><\/div><\/div><div class=\"row_col_wrap_12 col span_12 dark left\">\n\t<div style=\"\" class=\"vc_col-sm-12 wpb_column column_container vc_column_container col no-extra-padding inherit_tablet inherit_phone \" data-using-bg=\"true\" data-bg-cover=\"true\" data-padding-pos=\"all\" data-has-bg-color=\"false\" data-bg-color=\"\" data-bg-opacity=\"1\" data-animation=\"\" data-delay=\"0\" >\n\t\t<div class=\"vc_column-inner\" ><div class=\"column-image-bg-wrap column-bg-layer viewport-desktop\" data-bg-pos=\"center center\" data-bg-animation=\"none\" data-bg-overlay=\"false\"><div class=\"inner-wrap\"><div class=\"column-image-bg\" style=\" background-image: url('https:\/\/malne.es\/wp-content\/uploads\/2025\/01\/image-12.jpg'); \"><\/div><\/div><\/div>\n\t\t\t<div class=\"wpb_wrapper\">\n\t\t\t\t<div class=\"divider-wrap height_phone_450px \" data-alignment=\"default\"><div style=\"height: 650px;\" class=\"divider\"><\/div><\/div>\n\t\t\t<\/div> \n\t\t<\/div>\n\t<\/div> \n<\/div><\/div>\n","protected":false},"excerpt":{"rendered":"APPOINTMENT We design and manufacture exclusive garments that not only enhance feminine beauty, but also reflect elegance, sophistication and unique style. Each piece is created with a...","protected":false},"author":2,"featured_media":0,"parent":0,"menu_order":0,"comment_status":"closed","ping_status":"closed","template":"","meta":{"_acf_changed":false,"inline_featured_image":false,"footnotes":""},"class_list":["post-500","page","type-page","status-publish"],"acf":[],"yoast_head":"<!-- This site is optimized with the Yoast SEO plugin v25.5 - https:\/\/yoast.com\/wordpress\/plugins\/seo\/ -->\n<title>Solicita tu Cita | Experiencia Exclusiva en Malne Madrid.<\/title>\n<meta name=\"description\" content=\"Agenda tu cita con Malne y accede al universo de la alta costura espa\u00f1ola. Descubre colecciones \u00fanicas en un entorno \u00edntimo y sofisticado.\" \/>\n<meta name=\"robots\" content=\"index, follow, max-snippet:-1, max-image-preview:large, max-video-preview:-1\" \/>\n<link rel=\"canonical\" href=\"https:\/\/malne.es\/en\/prior-appointment\/\" \/>\n<meta property=\"og:locale\" content=\"en_GB\" \/>\n<meta property=\"og:type\" content=\"article\" \/>\n<meta property=\"og:title\" content=\"Solicita tu Cita | Experiencia Exclusiva en Malne Madrid.\" \/>\n<meta property=\"og:description\" content=\"Agenda tu cita con Malne y accede al universo de la alta costura espa\u00f1ola. Descubre colecciones \u00fanicas en un entorno \u00edntimo y sofisticado.\" \/>\n<meta property=\"og:url\" content=\"https:\/\/malne.es\/en\/prior-appointment\/\" \/>\n<meta property=\"og:site_name\" content=\"Malne\" \/>\n<meta property=\"article:publisher\" content=\"https:\/\/www.facebook.com\/malnemadrid\/\" \/>\n<meta property=\"article:modified_time\" content=\"2025-10-13T10:42:05+00:00\" \/>\n<meta name=\"twitter:card\" content=\"summary_large_image\" \/>\n<meta name=\"twitter:site\" content=\"@Malne_Official\" \/>\n<meta name=\"twitter:label1\" content=\"Estimated reading time\" \/>\n\t<meta name=\"twitter:data1\" content=\"1 minute\" \/>\n<script type=\"application\/ld+json\" class=\"yoast-schema-graph\">{\"@context\":\"https:\/\/schema.org\",\"@graph\":[{\"@type\":\"WebPage\",\"@id\":\"https:\/\/malne.es\/cita-previa\/\",\"url\":\"https:\/\/malne.es\/cita-previa\/\",\"name\":\"Solicita tu Cita | Experiencia Exclusiva en Malne Madrid.\",\"isPartOf\":{\"@id\":\"https:\/\/malne.es\/#website\"},\"datePublished\":\"2025-01-28T22:55:19+00:00\",\"dateModified\":\"2025-10-13T10:42:05+00:00\",\"description\":\"Agenda tu cita con Malne y accede al universo de la alta costura espa\u00f1ola. Descubre colecciones \u00fanicas en un entorno \u00edntimo y sofisticado.\",\"breadcrumb\":{\"@id\":\"https:\/\/malne.es\/cita-previa\/#breadcrumb\"},\"inLanguage\":\"en-GB\",\"potentialAction\":[{\"@type\":\"ReadAction\",\"target\":[\"https:\/\/malne.es\/cita-previa\/\"]}]},{\"@type\":\"BreadcrumbList\",\"@id\":\"https:\/\/malne.es\/cita-previa\/#breadcrumb\",\"itemListElement\":[{\"@type\":\"ListItem\",\"position\":1,\"name\":\"Home\",\"item\":\"https:\/\/malne.es\/\"},{\"@type\":\"ListItem\",\"position\":2,\"name\":\"Cita previa\"}]},{\"@type\":\"WebSite\",\"@id\":\"https:\/\/malne.es\/#website\",\"url\":\"https:\/\/malne.es\/\",\"name\":\"Malne\",\"description\":\"sitio oficial. Firma especializada en dise\u00f1o de pr\u00eat-\u00e0-porter y costura de prendas de lujo personalizado en ediciones limitadas.\",\"publisher\":{\"@id\":\"https:\/\/malne.es\/#organization\"},\"potentialAction\":[{\"@type\":\"SearchAction\",\"target\":{\"@type\":\"EntryPoint\",\"urlTemplate\":\"https:\/\/malne.es\/?s={search_term_string}\"},\"query-input\":{\"@type\":\"PropertyValueSpecification\",\"valueRequired\":true,\"valueName\":\"search_term_string\"}}],\"inLanguage\":\"en-GB\"},{\"@type\":\"Organization\",\"@id\":\"https:\/\/malne.es\/#organization\",\"name\":\"Malne\",\"url\":\"https:\/\/malne.es\/\",\"logo\":{\"@type\":\"ImageObject\",\"inLanguage\":\"en-GB\",\"@id\":\"https:\/\/malne.es\/#\/schema\/logo\/image\/\",\"url\":\"https:\/\/malne.es\/wp-content\/uploads\/2025\/02\/Modo_de_aislamiento.png\",\"contentUrl\":\"https:\/\/malne.es\/wp-content\/uploads\/2025\/02\/Modo_de_aislamiento.png\",\"width\":160,\"height\":50,\"caption\":\"Malne\"},\"image\":{\"@id\":\"https:\/\/malne.es\/#\/schema\/logo\/image\/\"},\"sameAs\":[\"https:\/\/www.facebook.com\/malnemadrid\/\",\"https:\/\/x.com\/Malne_Official\",\"https:\/\/www.instagram.com\/malne_official\/?hl=es\"]}]}<\/script>\n<!-- \/ Yoast SEO plugin. -->","yoast_head_json":{"title":"Make an appointment for an exclusive experience at Malne Madrid.","description":"Make an appointment with Malne and enter the world of Spanish haute couture. Discover unique collections in an intimate and sophisticated setting.","robots":{"index":"index","follow":"follow","max-snippet":"max-snippet:-1","max-image-preview":"max-image-preview:large","max-video-preview":"max-video-preview:-1"},"canonical":"https:\/\/malne.es\/en\/prior-appointment\/","og_locale":"en_GB","og_type":"article","og_title":"Solicita tu Cita | Experiencia Exclusiva en Malne Madrid.","og_description":"Agenda tu cita con Malne y accede al universo de la alta costura espa\u00f1ola. Descubre colecciones \u00fanicas en un entorno \u00edntimo y sofisticado.","og_url":"https:\/\/malne.es\/en\/prior-appointment\/","og_site_name":"Malne","article_publisher":"https:\/\/www.facebook.com\/malnemadrid\/","article_modified_time":"2025-10-13T10:42:05+00:00","twitter_card":"summary_large_image","twitter_site":"@Malne_Official","twitter_misc":{"Estimated reading time":"1 minute"},"schema":{"@context":"https:\/\/schema.org","@graph":[{"@type":"WebPage","@id":"https:\/\/malne.es\/cita-previa\/","url":"https:\/\/malne.es\/cita-previa\/","name":"Make an appointment for an exclusive experience at Malne Madrid.","isPartOf":{"@id":"https:\/\/malne.es\/#website"},"datePublished":"2025-01-28T22:55:19+00:00","dateModified":"2025-10-13T10:42:05+00:00","description":"Make an appointment with Malne and enter the world of Spanish haute couture. Discover unique collections in an intimate and sophisticated setting.","breadcrumb":{"@id":"https:\/\/malne.es\/cita-previa\/#breadcrumb"},"inLanguage":"en-GB","potentialAction":[{"@type":"ReadAction","target":["https:\/\/malne.es\/cita-previa\/"]}]},{"@type":"BreadcrumbList","@id":"https:\/\/malne.es\/cita-previa\/#breadcrumb","itemListElement":[{"@type":"ListItem","position":1,"name":"Home","item":"https:\/\/malne.es\/"},{"@type":"ListItem","position":2,"name":"Cita previa"}]},{"@type":"WebSite","@id":"https:\/\/malne.es\/#website","url":"https:\/\/malne.es\/","name":"Malne","description":"official website. The firm specialises in ready-to-wear design and sewing of luxury customised garments in limited editions.","publisher":{"@id":"https:\/\/malne.es\/#organization"},"potentialAction":[{"@type":"SearchAction","target":{"@type":"EntryPoint","urlTemplate":"https:\/\/malne.es\/?s={search_term_string}"},"query-input":{"@type":"PropertyValueSpecification","valueRequired":true,"valueName":"search_term_string"}}],"inLanguage":"en-GB"},{"@type":"Organization","@id":"https:\/\/malne.es\/#organization","name":"Malne","url":"https:\/\/malne.es\/","logo":{"@type":"ImageObject","inLanguage":"en-GB","@id":"https:\/\/malne.es\/#\/schema\/logo\/image\/","url":"https:\/\/malne.es\/wp-content\/uploads\/2025\/02\/Modo_de_aislamiento.png","contentUrl":"https:\/\/malne.es\/wp-content\/uploads\/2025\/02\/Modo_de_aislamiento.png","width":160,"height":50,"caption":"Malne"},"image":{"@id":"https:\/\/malne.es\/#\/schema\/logo\/image\/"},"sameAs":["https:\/\/www.facebook.com\/malnemadrid\/","https:\/\/x.com\/Malne_Official","https:\/\/www.instagram.com\/malne_official\/?hl=es"]}]}},"_links":{"self":[{"href":"https:\/\/malne.es\/en\/wp-json\/wp\/v2\/pages\/500","targetHints":{"allow":["GET"]}}],"collection":[{"href":"https:\/\/malne.es\/en\/wp-json\/wp\/v2\/pages"}],"about":[{"href":"https:\/\/malne.es\/en\/wp-json\/wp\/v2\/types\/page"}],"author":[{"embeddable":true,"href":"https:\/\/malne.es\/en\/wp-json\/wp\/v2\/users\/2"}],"replies":[{"embeddable":true,"href":"https:\/\/malne.es\/en\/wp-json\/wp\/v2\/comments?post=500"}],"version-history":[{"count":12,"href":"https:\/\/malne.es\/en\/wp-json\/wp\/v2\/pages\/500\/revisions"}],"predecessor-version":[{"id":3294,"href":"https:\/\/malne.es\/en\/wp-json\/wp\/v2\/pages\/500\/revisions\/3294"}],"wp:attachment":[{"href":"https:\/\/malne.es\/en\/wp-json\/wp\/v2\/media?parent=500"}],"curies":[{"name":"wp","href":"https:\/\/api.w.org\/{rel}","templated":true}]}}