{"id":3375,"date":"2025-11-21T07:08:08","date_gmt":"2025-11-21T06:08:08","guid":{"rendered":"https:\/\/malne.es\/?page_id=3375"},"modified":"2025-11-28T12:18:27","modified_gmt":"2025-11-28T11:18:27","slug":"malne-brides","status":"publish","type":"page","link":"https:\/\/malne.es\/en\/malne-novias\/","title":{"rendered":"Malne Bridal"},"content":{"rendered":"\n\t\t<div id=\"fws_69d38541732a6\"  data-column-margin=\"default\" data-midnight=\"dark\"  class=\"wpb_row vc_row-fluid vc_row\"  style=\"padding-top: 40px; padding-bottom: 40px; \"><div class=\"row-bg-wrap\" data-bg-animation=\"none\" data-bg-animation-delay=\"\" data-bg-overlay=\"false\"><div class=\"inner-wrap row-bg-layer\" ><div class=\"row-bg viewport-desktop\"  style=\"\"><\/div><\/div><\/div><div class=\"row_col_wrap_12 col span_12 dark left\">\n\t<div  class=\"vc_col-sm-12 wpb_column column_container vc_column_container col no-extra-padding inherit_tablet inherit_phone \"  data-padding-pos=\"all\" data-has-bg-color=\"false\" data-bg-color=\"\" data-bg-opacity=\"1\" data-animation=\"\" data-delay=\"0\" >\n\t\t<div class=\"vc_column-inner\" >\n\t\t\t<div class=\"wpb_wrapper\">\n\t\t\t\t<div class=\"nectar-responsive-text font_size_desktop_50px font_size_phone_35px font_line_height_1-3em nectar-link-underline-effect\" style=\"color: #000000;\"><h1><em>Malne<br \/>\nNOVIAS<\/em><\/h1>\n<\/div><div class=\"nectar-responsive-text nectar-link-underline-effect\"><p>En MALNE NOVIAS, cada vestido es m\u00e1s que dise\u00f1o: es una declaraci\u00f3n de estilo y una experiencia creada junto a ti desde la primera visita. Nuestra l\u00ednea nupcial combina l\u00edneas depuradas, tejidos excepcionales y un acompa\u00f1amiento personal con los dise\u00f1adores de Malne, para que cada detalle exprese tu esencia.<\/p>\n<p>La frescura y la elegancia natural que definen MALNE NOVIAS se reflejan en mujeres cuyo estilo inspira nuestro universo, como Alejandra Onieva, habitual en nuestras creaciones. Elegir Malne para tu d\u00eda m\u00e1s importante es el comienzo de un viaje que permanece para siempre.<\/p>\n<\/div><div class=\"divider-wrap\" data-alignment=\"default\"><div style=\"height: 30px;\" class=\"divider\"><\/div><\/div><div class=\"nectar-responsive-text custom_fontletter font_size_desktop_34px font_size_tablet_40px font_size_phone_28px font_line_height_1-2em nectar-link-underline-effect\" style=\"color: #000000;\"><p style=\"text-align: center\"><em>Reserva tu cita con nosotros y comienza a trazar el vestido<br \/>\nque te acompa\u00f1ar\u00e1 en tu d\u00eda m\u00e1s luminoso<br \/>\n<\/em><\/p>\n<\/div><div class=\"divider-wrap\" data-alignment=\"default\"><div style=\"height: 10px;\" class=\"divider\"><\/div><\/div>\n\t\t\t<\/div> \n\t\t<\/div>\n\t<\/div> \n<\/div><\/div>\n\t\t<div id=\"fws_69d3854175531\"  data-column-margin=\"default\" data-midnight=\"dark\"  class=\"wpb_row vc_row-fluid vc_row vc_row-o-equal-height vc_row-flex  right_padding_0pct left_padding_0pct right_padding_tablet_5pct right_padding_phone_0px left_padding_tablet_5pct left_padding_phone_0px\"  style=\"padding-top: 0px; padding-bottom: 0px; \"><div class=\"row-bg-wrap\" data-bg-animation=\"none\" data-bg-animation-delay=\"\" data-bg-overlay=\"false\"><div class=\"inner-wrap row-bg-layer\" ><div class=\"row-bg viewport-desktop\"  style=\"\"><\/div><\/div><\/div><div class=\"row_col_wrap_12 col span_12 dark left\">\n\t<div  class=\"vc_col-sm-6 wpb_column column_container vc_column_container col centered-text force-desktop-text-align-center \"  data-padding-pos=\"all\" data-has-bg-color=\"false\" data-bg-color=\"\" data-bg-opacity=\"1\" data-animation=\"\" data-delay=\"0\" >\n\t\t<div class=\"vc_column-inner\" >\n\t\t\t<div class=\"wpb_wrapper\">\n\t\t\t\t<div class=\"img-with-aniamtion-wrap \" data-max-width=\"100%\" data-max-width-mobile=\"default\" data-shadow=\"none\" data-animation=\"none\" >\n      <div class=\"inner\">\n        <div class=\"hover-wrap\"> \n          <div class=\"hover-wrap-inner\">\n            <img loading=\"lazy\" decoding=\"async\" class=\"img-with-animation vestido-novias-desktop skip-lazy\" data-delay=\"0\" height=\"972\" width=\"702\" data-animation=\"none\" src=\"https:\/\/malne.es\/wp-content\/uploads\/2025\/11\/Group-1597881515.jpg\" alt=\"\" srcset=\"https:\/\/malne.es\/wp-content\/uploads\/2025\/11\/Group-1597881515.jpg 702w, https:\/\/malne.es\/wp-content\/uploads\/2025\/11\/Group-1597881515-217x300.jpg 217w, https:\/\/malne.es\/wp-content\/uploads\/2025\/11\/Group-1597881515-9x12.jpg 9w\" sizes=\"auto, (max-width: 702px) 100vw, 702px\" \/>\n          <\/div>\n        <\/div>\n      <\/div>\n    <\/div><div class=\"img-with-aniamtion-wrap center\" data-max-width=\"100%\" data-max-width-mobile=\"default\" data-shadow=\"none\" data-animation=\"none\" >\n      <div class=\"inner\">\n        <div class=\"hover-wrap\"> \n          <div class=\"hover-wrap-inner\">\n            <img loading=\"lazy\" decoding=\"async\" class=\"img-with-animation vestido-novias-mobile skip-lazy\" data-delay=\"0\" height=\"1235\" width=\"893\" data-animation=\"none\" src=\"https:\/\/malne.es\/wp-content\/uploads\/2025\/11\/novias-vestido1.jpg\" alt=\"\" srcset=\"https:\/\/malne.es\/wp-content\/uploads\/2025\/11\/novias-vestido1.jpg 893w, https:\/\/malne.es\/wp-content\/uploads\/2025\/11\/novias-vestido1-217x300.jpg 217w, https:\/\/malne.es\/wp-content\/uploads\/2025\/11\/novias-vestido1-734x1015.jpg 734w, https:\/\/malne.es\/wp-content\/uploads\/2025\/11\/novias-vestido1-768x1062.jpg 768w, https:\/\/malne.es\/wp-content\/uploads\/2025\/11\/novias-vestido1-9x12.jpg 9w\" sizes=\"auto, (max-width: 893px) 100vw, 893px\" \/>\n          <\/div>\n        <\/div>\n      <\/div>\n    <\/div><div class=\"img-with-aniamtion-wrap center\" data-max-width=\"100%\" data-max-width-mobile=\"default\" data-shadow=\"none\" data-animation=\"none\" >\n      <div class=\"inner\">\n        <div class=\"hover-wrap\"> \n          <div class=\"hover-wrap-inner\">\n            <img loading=\"lazy\" decoding=\"async\" class=\"img-with-animation vestido-novias-mobile skip-lazy\" data-delay=\"0\" height=\"1235\" width=\"893\" data-animation=\"none\" src=\"https:\/\/malne.es\/wp-content\/uploads\/2025\/11\/novias-vestido2.jpg\" alt=\"\" srcset=\"https:\/\/malne.es\/wp-content\/uploads\/2025\/11\/novias-vestido2.jpg 893w, https:\/\/malne.es\/wp-content\/uploads\/2025\/11\/novias-vestido2-217x300.jpg 217w, https:\/\/malne.es\/wp-content\/uploads\/2025\/11\/novias-vestido2-734x1015.jpg 734w, https:\/\/malne.es\/wp-content\/uploads\/2025\/11\/novias-vestido2-768x1062.jpg 768w, https:\/\/malne.es\/wp-content\/uploads\/2025\/11\/novias-vestido2-9x12.jpg 9w\" sizes=\"auto, (max-width: 893px) 100vw, 893px\" \/>\n          <\/div>\n        <\/div>\n      <\/div>\n    <\/div>\n\t\t\t<\/div> \n\t\t<\/div>\n\t<\/div> \n\n\t<div style=\"margin-top: 100px; \" class=\"vc_col-sm-6 wpb_column column_container vc_column_container col no-extra-padding top_margin_tablet_3pct top_margin_phone_10px inherit_tablet inherit_phone \"  data-padding-pos=\"all\" data-has-bg-color=\"false\" data-bg-color=\"\" data-bg-opacity=\"1\" data-animation=\"\" data-delay=\"0\" >\n\t\t<div class=\"vc_column-inner\" >\n\t\t\t<div class=\"wpb_wrapper\">\n\t\t\t\t\n\t<div class=\"wpb_raw_code wpb_raw_html wpb_content_element\" >\n\t\t<div class=\"wpb_wrapper\">\n\t\t\t<div class=\"frm_forms  with_frm_style frm_style_estilo-de-formidable\" id=\"frm_form_4_container\" data-token=\"61034578d05a0dafb0b00ea5d4280f87\">\n<form enctype=\"multipart\/form-data\" method=\"post\" class=\"frm-show-form \" id=\"form_form-novias\" data-token=\"61034578d05a0dafb0b00ea5d4280f87\">\n<div class=\"frm_form_fields \">\n<fieldset>\n<legend class=\"frm_screen_reader\">NOVIAS<\/legend>\r\n\r\n<div class=\"frm_fields_container\">\n<input type=\"hidden\" name=\"frm_action\" value=\"create\" \/>\n<input type=\"hidden\" name=\"form_id\" value=\"4\" \/>\n<input type=\"hidden\" name=\"frm_hide_fields_4\" id=\"frm_hide_fields_4\" value=\"\" \/>\n<input type=\"hidden\" name=\"form_key\" value=\"form-novias\" \/>\n<input type=\"hidden\" name=\"item_meta[0]\" value=\"\" \/>\n<input type=\"hidden\" id=\"frm_submit_entry_4\" name=\"frm_submit_entry_4\" value=\"c0c8f552aa\" \/><input type=\"hidden\" name=\"_wp_http_referer\" value=\"\/en\/wp-json\/wp\/v2\/pages\/3375\" \/><div id=\"frm_field_27_container\" class=\"frm_form_field form-field  frm_required_field frm_top_container frm6 frm_first\">\r\n\t<label for=\"field_q3uw33\" id=\"field_q3uw33_label\" class=\"frm_primary_label\">Nombre\r\n\t\t<span class=\"frm_required\" aria-hidden=\"true\">*<\/span>\r\n\t<\/label>\r\n\t<input type=\"text\" id=\"field_q3uw33\" name=\"item_meta[27]\" value=\"\"  data-reqmsg=\"Nombre no puede estar en blanco.\" aria-required=\"true\" data-invmsg=\"Nombre no es v\u00e1lido\" aria-invalid=\"false\"  \/>\r\n\t\r\n\t\r\n<\/div>\n<div id=\"frm_field_28_container\" class=\"frm_form_field form-field  frm_required_field frm_top_container frm6\">\r\n\t<label for=\"field_zlk7i3\" id=\"field_zlk7i3_label\" class=\"frm_primary_label\">Apellidos\r\n\t\t<span class=\"frm_required\" aria-hidden=\"true\">*<\/span>\r\n\t<\/label>\r\n\t<input type=\"text\" id=\"field_zlk7i3\" name=\"item_meta[28]\" value=\"\"  data-reqmsg=\"Apellidos no puede estar en blanco.\" aria-required=\"true\" data-invmsg=\"Apellidos no es v\u00e1lido\" aria-invalid=\"false\"  \/>\r\n\t\r\n\t\r\n<\/div>\n<div id=\"frm_field_29_container\" class=\"frm_form_field form-field  frm_required_field frm_top_container frm6 frm_first\">\r\n\t<label for=\"field_oqe3z3\" id=\"field_oqe3z3_label\" class=\"frm_primary_label\">Correo eletr\u00f3nico\r\n\t\t<span class=\"frm_required\" aria-hidden=\"true\">*<\/span>\r\n\t<\/label>\r\n\t<input type=\"email\" id=\"field_oqe3z3\" name=\"item_meta[29]\" value=\"\"  data-reqmsg=\"Correo eletr\u00f3nico no puede estar en blanco.\" aria-required=\"true\" data-invmsg=\"Correo eletr\u00f3nico no es v\u00e1lido\" aria-invalid=\"false\"  \/>\r\n\t\r\n\t\r\n<\/div>\n<div id=\"frm_field_30_container\" class=\"frm_form_field form-field  frm_top_container frm6\">\r\n\t<label for=\"field_608hj2\" id=\"field_608hj2_label\" class=\"frm_primary_label\">Tel\u00e9fono\r\n\t\t<span class=\"frm_required\" aria-hidden=\"true\"><\/span>\r\n\t<\/label>\r\n\t<input type=\"tel\" id=\"field_608hj2\" name=\"item_meta[30]\" value=\"\"  data-invmsg=\"Tel\u00e9fono no es v\u00e1lido\" aria-invalid=\"false\" pattern=\"((\\+\\d{1,3}(-|.| )?\\(?\\d\\)?(-| |.)?\\d{1,5})|(\\(?\\d{2,6}\\)?))(-|.| )?(\\d{3,4})(-|.| )?(\\d{4})(( x| ext)\\d{1,5}){0,1}$\"  \/>\r\n\t\r\n\t\r\n<\/div>\n<div id=\"frm_field_31_container\" class=\"frm_form_field form-field  frm_top_container\">\r\n\t<label for=\"field_zvfif3\" id=\"field_zvfif3_label\" class=\"frm_primary_label\">Mensaje\r\n\t\t<span class=\"frm_required\" aria-hidden=\"true\"><\/span>\r\n\t<\/label>\r\n\t<textarea name=\"item_meta[31]\" id=\"field_zvfif3\" rows=\"5\"  data-invmsg=\"Mensaje is invalid\" aria-invalid=\"false\"  ><\/textarea>\r\n\t\r\n\t\r\n<\/div>\n<div id=\"frm_field_32_container\" class=\"frm_form_field form-field  frm_required_field frm_top_container vertical_radio\">\r\n\t<div  id=\"field_gtydl3_label\" class=\"frm_primary_label\">Aviso legal\r\n\t\t<span class=\"frm_required\" aria-hidden=\"true\">*<\/span>\r\n\t<\/div>\r\n\t<div class=\"frm_opt_container\" aria-labelledby=\"field_gtydl3_label\" role=\"group\">\t\t<div class=\"frm_checkbox\" id=\"frm_checkbox_32-0\">\t\t\t<label  for=\"field_gtydl3-0\">\n\t\t\t<input type=\"checkbox\" name=\"item_meta[32][]\" id=\"field_gtydl3-0\" value=\"Acepto recibir comunicaciones, promociones y novedades por correo electr\u00f3nico\"  data-reqmsg=\"Aviso legal no puede estar en blanco.\" data-invmsg=\"Aviso legal is invalid\"   aria-required=\"true\"  \/> Acepto recibir comunicaciones, promociones y novedades por correo electr\u00f3nico<\/label><\/div>\n\t\t<div class=\"frm_checkbox\" id=\"frm_checkbox_32-1\">\t\t\t<label  for=\"field_gtydl3-1\">\n\t\t\t<input type=\"checkbox\" name=\"item_meta[32][]\" id=\"field_gtydl3-1\" value=\"He le\u00eddo y acepto el &lt;a href=&quot;\/aviso-legal\/&quot;&gt;aviso legal&lt;\/a&gt; y &lt;a href=&quot;\/politica-privacidad\/&quot;&gt;la pol\u00edtica de privacidad&lt;\/a&gt;\"  data-reqmsg=\"Aviso legal no puede estar en blanco.\" data-invmsg=\"Aviso legal is invalid\"   \/> He le\u00eddo y acepto el <a href=\"\/aviso-legal\/\">aviso legal<\/a> y <a href=\"\/politica-privacidad\/\">la pol\u00edtica de privacidad<\/a><\/label><\/div>\n<\/div>\r\n\t\r\n\t\r\n<\/div>\n<div id=\"frm_field_33_container\" class=\"frm_form_field form-field \">\r\n\t<div class=\"frm_submit frm_flex\">\r\n<button class=\"frm_button_submit\" type=\"submit\"  >Solicita cita previa <\/button>\r\n\r\n\r\n\r\n<\/div>\r\n<\/div>\n\t<input type=\"hidden\" name=\"item_key\" value=\"\" \/>\n\t\t\t<div id=\"frm_field_34_container\">\n\t\t\t<label for=\"field_sbxrd\" >\n\t\t\t\tIf you are human, leave this field blank.\t\t\t<\/label>\n\t\t\t<input  id=\"field_sbxrd\" type=\"text\" class=\"frm_form_field form-field frm_verify\" name=\"item_meta[34]\" value=\"\"  \/>\n\t\t<\/div>\n\t\t<input name=\"frm_state\" type=\"hidden\" value=\"NDxuOgcYZqp0\/lo0f5OM8ixSqhAUjpmzirppsieh4vs=\" \/><\/div>\n<\/fieldset>\n<\/div>\n\n<\/form>\n<\/div>\n\n\t\t<\/div>\n\t<\/div>\n\n\t\t\t<\/div> \n\t\t<\/div>\n\t<\/div> \n<\/div><\/div>\n\t\t<div id=\"fws_69d38541893b7\"  data-column-margin=\"default\" data-midnight=\"dark\"  class=\"wpb_row vc_row-fluid vc_row\"  style=\"padding-top: 0px; padding-bottom: 0px; \"><div class=\"row-bg-wrap\" data-bg-animation=\"none\" data-bg-animation-delay=\"\" data-bg-overlay=\"false\"><div class=\"inner-wrap row-bg-layer\" ><div class=\"row-bg viewport-desktop\"  style=\"\"><\/div><\/div><\/div><div class=\"row_col_wrap_12 col span_12 dark left\">\n\t<div style=\"margin-top: 80px; \" class=\"vc_col-sm-12 wpb_column column_container vc_column_container col no-extra-padding top_margin_tablet_100px top_margin_phone_50px inherit_tablet inherit_phone \" data-using-bg=\"true\" data-bg-cover=\"true\" data-padding-pos=\"all\" data-has-bg-color=\"false\" data-bg-color=\"\" data-bg-opacity=\"1\" data-animation=\"\" data-delay=\"0\" >\n\t\t<div class=\"vc_column-inner\" ><div class=\"column-image-bg-wrap column-bg-layer viewport-desktop has-phone\" data-bg-pos=\"left center\" data-bg-animation=\"none\" data-bg-overlay=\"false\"><div class=\"inner-wrap\"><div class=\"column-image-bg\" style=\" background-image: url('https:\/\/malne.es\/wp-content\/uploads\/2025\/11\/Alejandra-Onieva-horizontal-1-1.jpg'); \"><\/div><\/div><\/div><div class=\"column-image-bg-wrap column-bg-layer viewport-phone\" data-bg-pos=\"left center\" data-bg-animation=\"none\" data-bg-overlay=\"false\"><div class=\"inner-wrap\"><div class=\"column-image-bg\" style=\" background-image: url('https:\/\/malne.es\/wp-content\/uploads\/2025\/11\/Alejandra-Onieva-horizontal-1-1.jpg'); \"><\/div><\/div><\/div>\n\t\t\t<div class=\"wpb_wrapper\">\n\t\t\t\t<div class=\"divider-wrap height_phone_250px \" data-alignment=\"default\"><div style=\"height: 650px;\" class=\"divider\"><\/div><\/div>\n\t\t\t<\/div> \n\t\t<\/div>\n\t<\/div> \n<\/div><\/div>\n","protected":false},"excerpt":{"rendered":"Malne NOVIAS En MALNE NOVIAS, cada vestido es m\u00e1s que dise\u00f1o: es una declaraci\u00f3n de estilo y una experiencia creada junto a ti desde la primera visita. Nuestra l\u00ednea nupcial...","protected":false},"author":2,"featured_media":0,"parent":0,"menu_order":0,"comment_status":"closed","ping_status":"closed","template":"","meta":{"_acf_changed":false,"inline_featured_image":false,"footnotes":""},"class_list":["post-3375","page","type-page","status-publish"],"acf":[],"yoast_head":"<!-- This site is optimized with the Yoast SEO plugin v25.5 - https:\/\/yoast.com\/wordpress\/plugins\/seo\/ -->\n<title>Malne Novias | Solicita tu cita exclusiva en Malne Madrid<\/title>\n<meta name=\"description\" content=\"Reserva tu cita con nosotros y comienza a trazar el vestido que te acompa\u00f1ar\u00e1 en tu d\u00eda m\u00e1s luminoso.\" \/>\n<meta name=\"robots\" content=\"index, follow, max-snippet:-1, max-image-preview:large, max-video-preview:-1\" \/>\n<link rel=\"canonical\" href=\"https:\/\/malne.es\/en\/malne-brides\/\" \/>\n<meta property=\"og:locale\" content=\"en_GB\" \/>\n<meta property=\"og:type\" content=\"article\" \/>\n<meta property=\"og:title\" content=\"Malne Novias | Solicita tu cita exclusiva en Malne Madrid\" \/>\n<meta property=\"og:description\" content=\"Reserva tu cita con nosotros y comienza a trazar el vestido que te acompa\u00f1ar\u00e1 en tu d\u00eda m\u00e1s luminoso.\" \/>\n<meta property=\"og:url\" content=\"https:\/\/malne.es\/en\/malne-brides\/\" \/>\n<meta property=\"og:site_name\" content=\"Malne\" \/>\n<meta property=\"article:publisher\" content=\"https:\/\/www.facebook.com\/malnemadrid\/\" \/>\n<meta property=\"article:modified_time\" content=\"2025-11-28T11:18:27+00:00\" \/>\n<meta name=\"twitter:card\" content=\"summary_large_image\" \/>\n<meta name=\"twitter:site\" content=\"@Malne_Official\" \/>\n<meta name=\"twitter:label1\" content=\"Estimated reading time\" \/>\n\t<meta name=\"twitter:data1\" content=\"2 minutes\" \/>\n<script type=\"application\/ld+json\" class=\"yoast-schema-graph\">{\"@context\":\"https:\/\/schema.org\",\"@graph\":[{\"@type\":\"WebPage\",\"@id\":\"https:\/\/malne.es\/malne-novias\/\",\"url\":\"https:\/\/malne.es\/malne-novias\/\",\"name\":\"Malne Novias | Solicita tu cita exclusiva en Malne Madrid\",\"isPartOf\":{\"@id\":\"https:\/\/malne.es\/#website\"},\"datePublished\":\"2025-11-21T06:08:08+00:00\",\"dateModified\":\"2025-11-28T11:18:27+00:00\",\"description\":\"Reserva tu cita con nosotros y comienza a trazar el vestido que te acompa\u00f1ar\u00e1 en tu d\u00eda m\u00e1s luminoso.\",\"breadcrumb\":{\"@id\":\"https:\/\/malne.es\/malne-novias\/#breadcrumb\"},\"inLanguage\":\"en-GB\",\"potentialAction\":[{\"@type\":\"ReadAction\",\"target\":[\"https:\/\/malne.es\/malne-novias\/\"]}]},{\"@type\":\"BreadcrumbList\",\"@id\":\"https:\/\/malne.es\/malne-novias\/#breadcrumb\",\"itemListElement\":[{\"@type\":\"ListItem\",\"position\":1,\"name\":\"Home\",\"item\":\"https:\/\/malne.es\/\"},{\"@type\":\"ListItem\",\"position\":2,\"name\":\"Malne Novias\"}]},{\"@type\":\"WebSite\",\"@id\":\"https:\/\/malne.es\/#website\",\"url\":\"https:\/\/malne.es\/\",\"name\":\"Malne\",\"description\":\"sitio oficial. Firma especializada en dise\u00f1o de pr\u00eat-\u00e0-porter y costura de prendas de lujo personalizado en ediciones limitadas.\",\"publisher\":{\"@id\":\"https:\/\/malne.es\/#organization\"},\"potentialAction\":[{\"@type\":\"SearchAction\",\"target\":{\"@type\":\"EntryPoint\",\"urlTemplate\":\"https:\/\/malne.es\/?s={search_term_string}\"},\"query-input\":{\"@type\":\"PropertyValueSpecification\",\"valueRequired\":true,\"valueName\":\"search_term_string\"}}],\"inLanguage\":\"en-GB\"},{\"@type\":\"Organization\",\"@id\":\"https:\/\/malne.es\/#organization\",\"name\":\"Malne\",\"url\":\"https:\/\/malne.es\/\",\"logo\":{\"@type\":\"ImageObject\",\"inLanguage\":\"en-GB\",\"@id\":\"https:\/\/malne.es\/#\/schema\/logo\/image\/\",\"url\":\"https:\/\/malne.es\/wp-content\/uploads\/2025\/02\/Modo_de_aislamiento.png\",\"contentUrl\":\"https:\/\/malne.es\/wp-content\/uploads\/2025\/02\/Modo_de_aislamiento.png\",\"width\":160,\"height\":50,\"caption\":\"Malne\"},\"image\":{\"@id\":\"https:\/\/malne.es\/#\/schema\/logo\/image\/\"},\"sameAs\":[\"https:\/\/www.facebook.com\/malnemadrid\/\",\"https:\/\/x.com\/Malne_Official\",\"https:\/\/www.instagram.com\/malne_official\/?hl=es\"]}]}<\/script>\n<!-- \/ Yoast SEO plugin. -->","yoast_head_json":{"title":"Malne Novias | Request your exclusive appointment at Malne Madrid","description":"Book your appointment with us and start designing the dress that will accompany you on your brightest day.","robots":{"index":"index","follow":"follow","max-snippet":"max-snippet:-1","max-image-preview":"max-image-preview:large","max-video-preview":"max-video-preview:-1"},"canonical":"https:\/\/malne.es\/en\/malne-brides\/","og_locale":"en_GB","og_type":"article","og_title":"Malne Novias | Solicita tu cita exclusiva en Malne Madrid","og_description":"Reserva tu cita con nosotros y comienza a trazar el vestido que te acompa\u00f1ar\u00e1 en tu d\u00eda m\u00e1s luminoso.","og_url":"https:\/\/malne.es\/en\/malne-brides\/","og_site_name":"Malne","article_publisher":"https:\/\/www.facebook.com\/malnemadrid\/","article_modified_time":"2025-11-28T11:18:27+00:00","twitter_card":"summary_large_image","twitter_site":"@Malne_Official","twitter_misc":{"Estimated reading time":"2 minutes"},"schema":{"@context":"https:\/\/schema.org","@graph":[{"@type":"WebPage","@id":"https:\/\/malne.es\/malne-novias\/","url":"https:\/\/malne.es\/malne-novias\/","name":"Malne Novias | Request your exclusive appointment at Malne Madrid","isPartOf":{"@id":"https:\/\/malne.es\/#website"},"datePublished":"2025-11-21T06:08:08+00:00","dateModified":"2025-11-28T11:18:27+00:00","description":"Book your appointment with us and start designing the dress that will accompany you on your brightest day.","breadcrumb":{"@id":"https:\/\/malne.es\/malne-novias\/#breadcrumb"},"inLanguage":"en-GB","potentialAction":[{"@type":"ReadAction","target":["https:\/\/malne.es\/malne-novias\/"]}]},{"@type":"BreadcrumbList","@id":"https:\/\/malne.es\/malne-novias\/#breadcrumb","itemListElement":[{"@type":"ListItem","position":1,"name":"Home","item":"https:\/\/malne.es\/"},{"@type":"ListItem","position":2,"name":"Malne Novias"}]},{"@type":"WebSite","@id":"https:\/\/malne.es\/#website","url":"https:\/\/malne.es\/","name":"Malne","description":"official website. The firm specialises in ready-to-wear design and sewing of luxury customised garments in limited editions.","publisher":{"@id":"https:\/\/malne.es\/#organization"},"potentialAction":[{"@type":"SearchAction","target":{"@type":"EntryPoint","urlTemplate":"https:\/\/malne.es\/?s={search_term_string}"},"query-input":{"@type":"PropertyValueSpecification","valueRequired":true,"valueName":"search_term_string"}}],"inLanguage":"en-GB"},{"@type":"Organization","@id":"https:\/\/malne.es\/#organization","name":"Malne","url":"https:\/\/malne.es\/","logo":{"@type":"ImageObject","inLanguage":"en-GB","@id":"https:\/\/malne.es\/#\/schema\/logo\/image\/","url":"https:\/\/malne.es\/wp-content\/uploads\/2025\/02\/Modo_de_aislamiento.png","contentUrl":"https:\/\/malne.es\/wp-content\/uploads\/2025\/02\/Modo_de_aislamiento.png","width":160,"height":50,"caption":"Malne"},"image":{"@id":"https:\/\/malne.es\/#\/schema\/logo\/image\/"},"sameAs":["https:\/\/www.facebook.com\/malnemadrid\/","https:\/\/x.com\/Malne_Official","https:\/\/www.instagram.com\/malne_official\/?hl=es"]}]}},"_links":{"self":[{"href":"https:\/\/malne.es\/en\/wp-json\/wp\/v2\/pages\/3375","targetHints":{"allow":["GET"]}}],"collection":[{"href":"https:\/\/malne.es\/en\/wp-json\/wp\/v2\/pages"}],"about":[{"href":"https:\/\/malne.es\/en\/wp-json\/wp\/v2\/types\/page"}],"author":[{"embeddable":true,"href":"https:\/\/malne.es\/en\/wp-json\/wp\/v2\/users\/2"}],"replies":[{"embeddable":true,"href":"https:\/\/malne.es\/en\/wp-json\/wp\/v2\/comments?post=3375"}],"version-history":[{"count":32,"href":"https:\/\/malne.es\/en\/wp-json\/wp\/v2\/pages\/3375\/revisions"}],"predecessor-version":[{"id":3463,"href":"https:\/\/malne.es\/en\/wp-json\/wp\/v2\/pages\/3375\/revisions\/3463"}],"wp:attachment":[{"href":"https:\/\/malne.es\/en\/wp-json\/wp\/v2\/media?parent=3375"}],"curies":[{"name":"wp","href":"https:\/\/api.w.org\/{rel}","templated":true}]}}