{"id":2906,"date":"2025-06-12T07:35:12","date_gmt":"2025-06-12T05:35:12","guid":{"rendered":"https:\/\/malne.es\/?page_id=2906"},"modified":"2026-01-22T12:47:36","modified_gmt":"2026-01-22T11:47:36","slug":"online-collections","status":"publish","type":"page","link":"https:\/\/malne.es\/en\/colecciones-online\/","title":{"rendered":"Online Collections"},"content":{"rendered":"<div id=\"fws_69ea0d1914285\"  data-column-margin=\"default\" data-midnight=\"dark\"  class=\"wpb_row vc_row-fluid vc_row vc_row-o-equal-height vc_row-flex vc_row-o-content-bottom  right_padding_20px left_padding_20px\"  style=\"padding-top: 40px; padding-bottom: 0px; \"><div class=\"row-bg-wrap\" data-bg-animation=\"none\" data-bg-animation-delay=\"\" data-bg-overlay=\"false\"><div class=\"inner-wrap row-bg-layer\" ><div class=\"row-bg viewport-desktop\"  style=\"\"><\/div><\/div><\/div><div class=\"row_col_wrap_12 col span_12 dark left\">\n\t<div  class=\"vc_col-sm-8 wpb_column column_container vc_column_container col no-extra-padding inherit_tablet inherit_phone\"  data-padding-pos=\"all\" data-has-bg-color=\"false\" data-bg-color=\"\" data-bg-opacity=\"1\" data-animation=\"\" data-delay=\"0\" >\n\t\t<div class=\"vc_column-inner\" >\n\t\t\t<div class=\"wpb_wrapper\">\n\t\t\t\t<div class=\"nectar-responsive-text font_size_desktop_80px font_size_phone_35px font_line_height_1-3em nectar-link-underline-effect\" style=\"color: #000000;\"><h1 class=\"translation-block\"><em>Online<br> Collection<\/em><\/h1>\n<\/div>\n\t\t\t<\/div> \n\t\t<\/div>\n\t<\/div> \n<\/div><\/div>\n\t\t<div id=\"fws_69ea0d1915699\"  data-column-margin=\"default\" data-midnight=\"dark\"  class=\"wpb_row vc_row-fluid vc_row vc_row-o-equal-height vc_row-flex  bottom_margin_140px right_padding_4pct left_padding_4pct top_padding_phone_10px bottom_margin_phone_30px\"  style=\"padding-top: 30px; padding-bottom: 0px; \"><div class=\"row-bg-wrap\" data-bg-animation=\"none\" data-bg-animation-delay=\"\" data-bg-overlay=\"false\"><div class=\"inner-wrap row-bg-layer\" ><div class=\"row-bg viewport-desktop\"  style=\"\"><\/div><\/div><\/div><div class=\"row_col_wrap_12 col span_12 dark left\">\n\t<div style=\"margin-bottom: 50px; \" class=\"vc_col-sm-6 wpb_column column_container vc_column_container col no-extra-padding inherit_tablet inherit_phone border_right_desktop_1px border_right_tablet_0px border_right_phone_0px border_color_ededed border_style_solid\"  data-padding-pos=\"all\" data-has-bg-color=\"false\" data-bg-color=\"\" data-bg-opacity=\"1\" data-animation=\"\" data-delay=\"0\" >\n\t\t<div class=\"vc_column-inner\" >\n\t\t\t<div class=\"wpb_wrapper\">\n\t\t\t\t<div class=\"img-with-aniamtion-wrap center position_desktop_relative\" data-max-width=\"50%\" data-max-width-mobile=\"100%\" data-shadow=\"none\" data-animation=\"none\" >\n      <div class=\"inner\">\n        <div class=\"hover-wrap\" data-hover-animation=\"zoom\"> \n          <div class=\"hover-wrap-inner\">\n            <a href=\"\/en\/collection\/malne-online\/\" target=\"_self\" class=\"center\">\n              <img loading=\"lazy\" decoding=\"async\" class=\"img-with-animation image-stores skip-lazy\" data-delay=\"0\" height=\"1350\" width=\"900\" data-animation=\"none\" src=\"https:\/\/malne.es\/wp-content\/uploads\/2025\/06\/coleccion-malne.jpg\" alt=\"Black short jumpsuit with straps and corset-like structure, finished with lace at the bottom.\" srcset=\"https:\/\/malne.es\/wp-content\/uploads\/2025\/06\/coleccion-malne.jpg 900w, https:\/\/malne.es\/wp-content\/uploads\/2025\/06\/coleccion-malne-200x300.jpg 200w, https:\/\/malne.es\/wp-content\/uploads\/2025\/06\/coleccion-malne-677x1015.jpg 677w, https:\/\/malne.es\/wp-content\/uploads\/2025\/06\/coleccion-malne-768x1152.jpg 768w, https:\/\/malne.es\/wp-content\/uploads\/2025\/06\/coleccion-malne-8x12.jpg 8w\" sizes=\"auto, (max-width: 900px) 100vw, 900px\" \/>\n            <\/a>\n          <\/div>\n        <\/div>\n      <\/div>\n      <\/div><div class=\"nectar-responsive-text font_size_desktop_20px font_size_tablet_20px font_size_phone_18px font_line_height_1-3em nectar-link-underline-effect\" style=\"color: #000000;\" data-inherit-heading-family=\"h3\"><a href=\"\/en\/collection\/malne-online\/\"><h2 style=\"text-align: center\"><strong>MALNE ONLINE COLLECTION<\/strong><\/h2>\n<\/a><\/div>\n\t\t\t<\/div> \n\t\t<\/div>\n\t<\/div> \n\n\t<div  class=\"vc_col-sm-6 cotainerpopup wpb_column column_container vc_column_container col no-extra-padding inherit_tablet inherit_phone\"  data-padding-pos=\"all\" data-has-bg-color=\"false\" data-bg-color=\"\" data-bg-opacity=\"1\" data-animation=\"\" data-delay=\"0\" >\n\t\t<div class=\"vc_column-inner\" >\n\t\t\t<div class=\"wpb_wrapper\">\n\t\t\t\t<div class=\"img-with-aniamtion-wrap center position_desktop_relative\" data-max-width=\"50%\" data-max-width-mobile=\"100%\" data-shadow=\"none\" data-animation=\"none\" >\n      <div class=\"inner\">\n        <div class=\"hover-wrap\" data-hover-animation=\"zoom\"> \n          <div class=\"hover-wrap-inner\">\n            <a href=\"\/en\/collection\/mar-flores-x-malne\/\" target=\"_self\" class=\"center\">\n              <img loading=\"lazy\" decoding=\"async\" class=\"img-with-animation image-stores skip-lazy\" data-delay=\"0\" height=\"1350\" width=\"900\" data-animation=\"none\" src=\"https:\/\/malne.es\/wp-content\/uploads\/2025\/06\/coleccion-marflores.jpg\" alt=\"Long black dress with crossover halter neckline and structured waist, made in pleated fabric with shiny finish.\" srcset=\"https:\/\/malne.es\/wp-content\/uploads\/2025\/06\/coleccion-marflores.jpg 900w, https:\/\/malne.es\/wp-content\/uploads\/2025\/06\/coleccion-marflores-200x300.jpg 200w, https:\/\/malne.es\/wp-content\/uploads\/2025\/06\/coleccion-marflores-677x1015.jpg 677w, https:\/\/malne.es\/wp-content\/uploads\/2025\/06\/coleccion-marflores-768x1152.jpg 768w, https:\/\/malne.es\/wp-content\/uploads\/2025\/06\/coleccion-marflores-8x12.jpg 8w\" sizes=\"auto, (max-width: 900px) 100vw, 900px\" \/>\n            <\/a>\n          <\/div>\n        <\/div>\n      <\/div>\n      <\/div><div class=\"nectar-responsive-text font_size_desktop_20px font_size_tablet_20px font_size_phone_18px font_line_height_1-3em nectar-link-underline-effect\" style=\"color: #000000;\" data-inherit-heading-family=\"h3\"><a href=\"\/en\/collection\/mar-flores-x-malne\/\"><h3 style=\"text-align: center\"><strong>MAR FLORES X MALNE COLLECTION<\/strong><\/h3>\n<\/a><\/div>\n\t\t\t<\/div> \n\t\t<\/div>\n\t<\/div> \n<\/div><\/div>","protected":false},"excerpt":{"rendered":"Online Collections MALNE ONLINE COLLECTION MAR FLORES X MALNE COLLECTION","protected":false},"author":2,"featured_media":0,"parent":0,"menu_order":0,"comment_status":"closed","ping_status":"closed","template":"","meta":{"_acf_changed":false,"inline_featured_image":false,"footnotes":""},"class_list":["post-2906","page","type-page","status-publish"],"acf":[],"yoast_head":"<!-- This site is optimized with the Yoast SEO plugin v25.5 - https:\/\/yoast.com\/wordpress\/plugins\/seo\/ -->\n<title>Colecciones online | Boutiques de Lujo y Alta Costura.<\/title>\n<meta name=\"description\" content=\"Colecciones online de Malne: moda de autor, lujo artesanal y ediciones limitadas dise\u00f1adas en nuestro atelier de Madrid.\" \/>\n<meta name=\"robots\" content=\"index, follow, max-snippet:-1, max-image-preview:large, max-video-preview:-1\" \/>\n<link rel=\"canonical\" href=\"https:\/\/malne.es\/en\/online-collections\/\" \/>\n<meta property=\"og:locale\" content=\"en_GB\" \/>\n<meta property=\"og:type\" content=\"article\" \/>\n<meta property=\"og:title\" content=\"Colecciones online | Boutiques de Lujo y Alta Costura.\" \/>\n<meta property=\"og:description\" content=\"Colecciones online de Malne: moda de autor, lujo artesanal y ediciones limitadas dise\u00f1adas en nuestro atelier de Madrid.\" \/>\n<meta property=\"og:url\" content=\"https:\/\/malne.es\/en\/online-collections\/\" \/>\n<meta property=\"og:site_name\" content=\"Malne\" \/>\n<meta property=\"article:publisher\" content=\"https:\/\/www.facebook.com\/malnemadrid\/\" \/>\n<meta property=\"article:modified_time\" content=\"2026-01-22T11:47:36+00:00\" \/>\n<meta name=\"twitter:card\" content=\"summary_large_image\" \/>\n<meta name=\"twitter:site\" content=\"@Malne_Official\" \/>\n<meta name=\"twitter:label1\" content=\"Estimated reading time\" \/>\n\t<meta name=\"twitter:data1\" content=\"1 minute\" \/>\n<script type=\"application\/ld+json\" class=\"yoast-schema-graph\">{\"@context\":\"https:\/\/schema.org\",\"@graph\":[{\"@type\":\"WebPage\",\"@id\":\"https:\/\/malne.es\/colecciones-online\/\",\"url\":\"https:\/\/malne.es\/colecciones-online\/\",\"name\":\"Colecciones online | Boutiques de Lujo y Alta Costura.\",\"isPartOf\":{\"@id\":\"https:\/\/malne.es\/#website\"},\"datePublished\":\"2025-06-12T05:35:12+00:00\",\"dateModified\":\"2026-01-22T11:47:36+00:00\",\"description\":\"Colecciones online de Malne: moda de autor, lujo artesanal y ediciones limitadas dise\u00f1adas en nuestro atelier de Madrid.\",\"breadcrumb\":{\"@id\":\"https:\/\/malne.es\/colecciones-online\/#breadcrumb\"},\"inLanguage\":\"en-GB\",\"potentialAction\":[{\"@type\":\"ReadAction\",\"target\":[\"https:\/\/malne.es\/colecciones-online\/\"]}]},{\"@type\":\"BreadcrumbList\",\"@id\":\"https:\/\/malne.es\/colecciones-online\/#breadcrumb\",\"itemListElement\":[{\"@type\":\"ListItem\",\"position\":1,\"name\":\"Home\",\"item\":\"https:\/\/malne.es\/\"},{\"@type\":\"ListItem\",\"position\":2,\"name\":\"Online Collections\"}]},{\"@type\":\"WebSite\",\"@id\":\"https:\/\/malne.es\/#website\",\"url\":\"https:\/\/malne.es\/\",\"name\":\"Malne\",\"description\":\"sitio oficial. Firma especializada en dise\u00f1o de pr\u00eat-\u00e0-porter y costura de prendas de lujo personalizado en ediciones limitadas.\",\"publisher\":{\"@id\":\"https:\/\/malne.es\/#organization\"},\"potentialAction\":[{\"@type\":\"SearchAction\",\"target\":{\"@type\":\"EntryPoint\",\"urlTemplate\":\"https:\/\/malne.es\/?s={search_term_string}\"},\"query-input\":{\"@type\":\"PropertyValueSpecification\",\"valueRequired\":true,\"valueName\":\"search_term_string\"}}],\"inLanguage\":\"en-GB\"},{\"@type\":\"Organization\",\"@id\":\"https:\/\/malne.es\/#organization\",\"name\":\"Malne\",\"url\":\"https:\/\/malne.es\/\",\"logo\":{\"@type\":\"ImageObject\",\"inLanguage\":\"en-GB\",\"@id\":\"https:\/\/malne.es\/#\/schema\/logo\/image\/\",\"url\":\"https:\/\/malne.es\/wp-content\/uploads\/2025\/02\/Modo_de_aislamiento.png\",\"contentUrl\":\"https:\/\/malne.es\/wp-content\/uploads\/2025\/02\/Modo_de_aislamiento.png\",\"width\":160,\"height\":50,\"caption\":\"Malne\"},\"image\":{\"@id\":\"https:\/\/malne.es\/#\/schema\/logo\/image\/\"},\"sameAs\":[\"https:\/\/www.facebook.com\/malnemadrid\/\",\"https:\/\/x.com\/Malne_Official\",\"https:\/\/www.instagram.com\/malne_official\/?hl=es\"]}]}<\/script>\n<!-- \/ Yoast SEO plugin. -->","yoast_head_json":{"title":"Online Collections | Luxury and Haute Couture Boutiques.","description":"Malne online collections: designer fashion, handcrafted luxury and limited editions designed in our atelier in Madrid.","robots":{"index":"index","follow":"follow","max-snippet":"max-snippet:-1","max-image-preview":"max-image-preview:large","max-video-preview":"max-video-preview:-1"},"canonical":"https:\/\/malne.es\/en\/online-collections\/","og_locale":"en_GB","og_type":"article","og_title":"Colecciones online | Boutiques de Lujo y Alta Costura.","og_description":"Colecciones online de Malne: moda de autor, lujo artesanal y ediciones limitadas dise\u00f1adas en nuestro atelier de Madrid.","og_url":"https:\/\/malne.es\/en\/online-collections\/","og_site_name":"Malne","article_publisher":"https:\/\/www.facebook.com\/malnemadrid\/","article_modified_time":"2026-01-22T11:47:36+00:00","twitter_card":"summary_large_image","twitter_site":"@Malne_Official","twitter_misc":{"Estimated reading time":"1 minute"},"schema":{"@context":"https:\/\/schema.org","@graph":[{"@type":"WebPage","@id":"https:\/\/malne.es\/colecciones-online\/","url":"https:\/\/malne.es\/colecciones-online\/","name":"Online Collections | Luxury and Haute Couture Boutiques.","isPartOf":{"@id":"https:\/\/malne.es\/#website"},"datePublished":"2025-06-12T05:35:12+00:00","dateModified":"2026-01-22T11:47:36+00:00","description":"Malne online collections: designer fashion, handcrafted luxury and limited editions designed in our atelier in Madrid.","breadcrumb":{"@id":"https:\/\/malne.es\/colecciones-online\/#breadcrumb"},"inLanguage":"en-GB","potentialAction":[{"@type":"ReadAction","target":["https:\/\/malne.es\/colecciones-online\/"]}]},{"@type":"BreadcrumbList","@id":"https:\/\/malne.es\/colecciones-online\/#breadcrumb","itemListElement":[{"@type":"ListItem","position":1,"name":"Home","item":"https:\/\/malne.es\/"},{"@type":"ListItem","position":2,"name":"Online Collections"}]},{"@type":"WebSite","@id":"https:\/\/malne.es\/#website","url":"https:\/\/malne.es\/","name":"Malne","description":"official website. The firm specialises in ready-to-wear design and sewing of luxury customised garments in limited editions.","publisher":{"@id":"https:\/\/malne.es\/#organization"},"potentialAction":[{"@type":"SearchAction","target":{"@type":"EntryPoint","urlTemplate":"https:\/\/malne.es\/?s={search_term_string}"},"query-input":{"@type":"PropertyValueSpecification","valueRequired":true,"valueName":"search_term_string"}}],"inLanguage":"en-GB"},{"@type":"Organization","@id":"https:\/\/malne.es\/#organization","name":"Malne","url":"https:\/\/malne.es\/","logo":{"@type":"ImageObject","inLanguage":"en-GB","@id":"https:\/\/malne.es\/#\/schema\/logo\/image\/","url":"https:\/\/malne.es\/wp-content\/uploads\/2025\/02\/Modo_de_aislamiento.png","contentUrl":"https:\/\/malne.es\/wp-content\/uploads\/2025\/02\/Modo_de_aislamiento.png","width":160,"height":50,"caption":"Malne"},"image":{"@id":"https:\/\/malne.es\/#\/schema\/logo\/image\/"},"sameAs":["https:\/\/www.facebook.com\/malnemadrid\/","https:\/\/x.com\/Malne_Official","https:\/\/www.instagram.com\/malne_official\/?hl=es"]}]}},"_links":{"self":[{"href":"https:\/\/malne.es\/en\/wp-json\/wp\/v2\/pages\/2906","targetHints":{"allow":["GET"]}}],"collection":[{"href":"https:\/\/malne.es\/en\/wp-json\/wp\/v2\/pages"}],"about":[{"href":"https:\/\/malne.es\/en\/wp-json\/wp\/v2\/types\/page"}],"author":[{"embeddable":true,"href":"https:\/\/malne.es\/en\/wp-json\/wp\/v2\/users\/2"}],"replies":[{"embeddable":true,"href":"https:\/\/malne.es\/en\/wp-json\/wp\/v2\/comments?post=2906"}],"version-history":[{"count":14,"href":"https:\/\/malne.es\/en\/wp-json\/wp\/v2\/pages\/2906\/revisions"}],"predecessor-version":[{"id":3048,"href":"https:\/\/malne.es\/en\/wp-json\/wp\/v2\/pages\/2906\/revisions\/3048"}],"wp:attachment":[{"href":"https:\/\/malne.es\/en\/wp-json\/wp\/v2\/media?parent=2906"}],"curies":[{"name":"wp","href":"https:\/\/api.w.org\/{rel}","templated":true}]}}