{"id":275,"date":"2025-01-25T23:33:56","date_gmt":"2025-01-25T22:33:56","guid":{"rendered":"https:\/\/malne.es\/?page_id=275"},"modified":"2025-09-03T10:29:02","modified_gmt":"2025-09-03T08:29:02","slug":"blog","status":"publish","type":"page","link":"https:\/\/malne.es\/en\/blog\/","title":{"rendered":"blog"},"content":{"rendered":"<div id=\"fws_69d38e4db418a\"  data-column-margin=\"default\" data-midnight=\"dark\"  class=\"wpb_row vc_row-fluid vc_row\"  style=\"padding-top: 50px; padding-bottom: 50px; \"><div class=\"row-bg-wrap\" data-bg-animation=\"none\" data-bg-animation-delay=\"\" data-bg-overlay=\"false\"><div class=\"inner-wrap row-bg-layer\" ><div class=\"row-bg viewport-desktop\"  style=\"\"><\/div><\/div><\/div><div class=\"row_col_wrap_12 col span_12 dark left\">\n\t<div  class=\"vc_col-sm-12 wpb_column column_container vc_column_container col no-extra-padding inherit_tablet inherit_phone\"  data-padding-pos=\"all\" data-has-bg-color=\"false\" data-bg-color=\"\" data-bg-opacity=\"1\" data-animation=\"\" data-delay=\"0\" >\n\t\t<div class=\"vc_column-inner\" >\n\t\t\t<div class=\"wpb_wrapper\">\n\t\t\t\t<div class=\"nectar-responsive-text font_size_desktop_14px nectar-link-underline-effect\"><p><a style=\"letter-spacing: 2px\" href=\"https:\/\/malne.es\/en\/\">HOME<\/a> &gt; <a style=\"letter-spacing: 2px\" href=\"#\">Press&amp;blog<\/a> &gt; <a style=\"letter-spacing: 2px\" href=\"#\">Blog<\/a><\/p>\n<\/div><div class=\"divider-wrap\" data-alignment=\"default\"><div style=\"height: 30px;\" class=\"divider\"><\/div><\/div><div class=\"nectar-responsive-text font_size_desktop_80px font_size_phone_45px nectar-link-underline-effect\" style=\"color: #000000;\"><h1><em>BLOG<\/em><\/h1>\n<\/div>\n\t\t\t<\/div> \n\t\t<\/div>\n\t<\/div> \n<\/div><\/div>\n\t\t<div id=\"fws_69d38e4db5bd0\"  data-column-margin=\"default\" data-midnight=\"dark\"  class=\"wpb_row vc_row-fluid vc_row\"  style=\"padding-top: 0px; padding-bottom: 0px; \"><div class=\"row-bg-wrap\" data-bg-animation=\"none\" data-bg-animation-delay=\"\" data-bg-overlay=\"false\"><div class=\"inner-wrap row-bg-layer\" ><div class=\"row-bg viewport-desktop\"  style=\"\"><\/div><\/div><\/div><div class=\"row_col_wrap_12 col span_12 dark left\">\n\t<div  class=\"vc_col-sm-12 wpb_column column_container vc_column_container col no-extra-padding inherit_tablet inherit_phone\"  data-padding-pos=\"all\" data-has-bg-color=\"false\" data-bg-color=\"\" data-bg-opacity=\"1\" data-animation=\"\" data-delay=\"0\" >\n\t\t<div class=\"vc_column-inner\" >\n\t\t\t<div class=\"wpb_wrapper\">\n\t\t\t\t\n<div class=\"row\">\n\n <div class=\"post-area col featured_img_left span_12 col_last    full-width-article\" data-ams=\"\" data-remove-post-date=\"\" data-remove-post-author=\"1\" data-remove-post-comment-number=\"\" data-remove-post-nectar-love=\"\"> <div class=\"posts-container\" data-load-animation=\"none\">     \n     \n<article id=\"post-3874\" class=\"post-3874 post type-post status-publish format-standard has-post-thumbnail category-eventos-de-moda\">  \n  <div class=\"inner-wrap animated\">\n    <div class=\"post-content\">\n      <div class=\"article-content-wrap\">\n        <div class=\"post-featured-img-wrap\">\n          <a href=\"https:\/\/malne.es\/en\/eventos-de-moda\/desfile-showroom-o-presentacion-privada\/\" aria-label=\"Parade, showroom or private presentation: what format are brands choosing today\"><span class=\"post-featured-img\"><img loading=\"lazy\" decoding=\"async\" width=\"864\" height=\"576\" src=\"https:\/\/malne.es\/wp-content\/uploads\/2025\/09\/image-7.png\" class=\"attachment-wide_photography size-wide_photography skip-lazy wp-post-image\" alt=\"Designer fashion show on runway, models walking in couture dresses under spotlights.\" title=\"\" sizes=\"auto, (min-width: 690px) 40vw, 100vw\" srcset=\"https:\/\/malne.es\/wp-content\/uploads\/2025\/09\/image-7.png 864w, https:\/\/malne.es\/wp-content\/uploads\/2025\/09\/image-7-300x200.png 300w, https:\/\/malne.es\/wp-content\/uploads\/2025\/09\/image-7-768x512.png 768w, https:\/\/malne.es\/wp-content\/uploads\/2025\/09\/image-7-18x12.png 18w\" \/><\/span><\/a>          \n        <\/div>\n        <div class=\"post-content-wrap\">\n          <a class=\"entire-meta-link\" href=\"https:\/\/malne.es\/en\/eventos-de-moda\/desfile-showroom-o-presentacion-privada\/\"><span class=\"screen-reader-text\">Parade, showroom or private presentation: what format are brands choosing today<\/span><\/a>\n          <span class=\"meta-category\"><a class=\"eventos-de-moda\" href=\"https:\/\/malne.es\/en\/category\/eventos-de-moda\/\">Fashion Events<\/a><\/span>          \n          <div class=\"post-header\">\n            <h3 class=\"title\"><a href=\"https:\/\/malne.es\/en\/eventos-de-moda\/desfile-showroom-o-presentacion-privada\/\"> Parade, showroom or private presentation: what format are brands choosing today<\/a><\/h3>\n          <\/div>\n          \n          <div class=\"excerpt\">En la moda de autor, elegir entre desfile, showroom o presentaci\u00f3n privada es definir c\u00f3mo&hellip;<\/div><div class=\"grav-wrap\"><a href=\"https:\/\/malne.es\/en\/author\/malne\/\"><img alt='MALNE' src='https:\/\/secure.gravatar.com\/avatar\/ae08289616bea7911814e52ce9fe2c6cc209f8ef15fa01f37eb73b7e36189b60?s=70&#038;d=mm&#038;r=g' srcset='https:\/\/secure.gravatar.com\/avatar\/ae08289616bea7911814e52ce9fe2c6cc209f8ef15fa01f37eb73b7e36189b60?s=140&#038;d=mm&#038;r=g 2x' class='avatar avatar-70 photo' height='70' width='70' \/><\/a><div class=\"text\"><a href=\"https:\/\/malne.es\/en\/author\/malne\/\" rel=\"author\">MALNE<\/a><span>1 April 2026<\/span><\/div><\/div>        <\/div>\n      <\/div>\n    <\/div>\n  <\/div>\n<\/article>    \n    <\/div><!--\/posts container-->\n    \n      \n<\/div><!--\/post area-->\n\n  \n\n<\/div>\n\n\n\t\t\t<\/div> \n\t\t<\/div>\n\t<\/div> \n<\/div><\/div>\n\t\t<div id=\"fws_69d38e4dbacf5\"  data-column-margin=\"default\" data-midnight=\"dark\"  class=\"wpb_row vc_row-fluid vc_row\"  style=\"padding-top: 0px; padding-bottom: 0px; \"><div class=\"row-bg-wrap\" data-bg-animation=\"none\" data-bg-animation-delay=\"\" data-bg-overlay=\"false\"><div class=\"inner-wrap row-bg-layer\" ><div class=\"row-bg viewport-desktop\"  style=\"\"><\/div><\/div><\/div><div class=\"row_col_wrap_12 col span_12 dark left\">\n\t<div  class=\"vc_col-sm-12 wpb_column column_container vc_column_container col no-extra-padding inherit_tablet inherit_phone\"  data-padding-pos=\"all\" data-has-bg-color=\"false\" data-bg-color=\"\" data-bg-opacity=\"1\" data-animation=\"\" data-delay=\"0\" >\n\t\t<div class=\"vc_column-inner\" >\n\t\t\t<div class=\"wpb_wrapper\">\n\t\t\t\t<div id=\"fws_69d38e4dbc7af\" data-midnight=\"\" data-column-margin=\"default\" class=\"wpb_row vc_row-fluid vc_row inner_row  translate_x_0px\"  style=\"\"><div class=\"row-bg-wrap\"> <div class=\"row-bg\" ><\/div> <\/div><div class=\"row_col_wrap_12_inner col span_12  left\">\n\t<div  class=\"vc_col-sm-12 wpb_column column_container vc_column_container col child_column no-extra-padding inherit_tablet inherit_phone translate_y_tablet_90px translate_y_phone_40px\"   data-padding-pos=\"all\" data-has-bg-color=\"false\" data-bg-color=\"\" data-bg-opacity=\"1\" data-animation=\"\" data-delay=\"0\" >\n\t\t<div class=\"vc_column-inner\" style=\"transform:  translateY(90px);\">\n\t\t<div class=\"wpb_wrapper\">\n\t\t\t<div class=\"nectar-responsive-text font_size_desktop_25px nectar-link-underline-effect\" style=\"color: #000000;\"><p style=\"text-align: left\">CATEGORIES<\/p>\n<\/div>\n\t\t<\/div> \n\t<\/div>\n\t<\/div> \n<\/div><\/div>\n\t\t\t<\/div> \n\t\t<\/div>\n\t<\/div> \n<\/div><\/div>\n\t\t<div id=\"fws_69d38e4dbd734\"  data-column-margin=\"default\" data-midnight=\"dark\"  class=\"wpb_row vc_row-fluid vc_row\"  style=\"padding-top: 0px; padding-bottom: 0px; \"><div class=\"row-bg-wrap\" data-bg-animation=\"none\" data-bg-animation-delay=\"\" data-bg-overlay=\"false\"><div class=\"inner-wrap row-bg-layer\" ><div class=\"row-bg viewport-desktop\"  style=\"\"><\/div><\/div><\/div><div class=\"row_col_wrap_12 col span_12 dark left\">\n\t<div  class=\"vc_col-sm-12 wpb_column column_container vc_column_container col no-extra-padding inherit_tablet inherit_phone\"  data-padding-pos=\"all\" data-has-bg-color=\"false\" data-bg-color=\"\" data-bg-opacity=\"1\" data-animation=\"\" data-delay=\"0\" >\n\t\t<div class=\"vc_column-inner\" >\n\t\t\t<div class=\"wpb_wrapper\">\n\t\t\t\t\n\t<div class=\"wpb_raw_code wpb_raw_html wpb_content_element\" >\n\t\t<div class=\"wpb_wrapper\">\n\t\t\t<div id=\"caf-post-layout-container\" class=\"caf-post-layout-container  filter-layout1 post-layout1 data-target-div1\" data-post-type=\"post\" data-tax=\"category\" data-terms=\"156,18,153,157,152,154,155\" data-per-page=\"12\" data-selected-terms=\"156,18,153,157,152,154,155\" data-filter-id=\"573\" data-post-layout=\"post-layout1\" data-target-div=\"data-target-div1\"><div id=\"caf-filter-layout1\" class='caf-filter-layout data-target-div1'>\r\n    <ul class=\"caf-filter-container caf-filter-layout1\">\r\n        <li class=\"caf-mb-4\"><a href=\"#\" data-id=\"156,18,153,157,152,154,155\" data-main-id=\"flt\" class=\"abc active\" data-target-div=\"data-target-div1\">All<\/a><\/li><li class='caf-mb-4'><a href='#' data-id='156' data-main-id='flt' data-target-div='data-target-div1' class=''>Fashion Events<\/a><\/li><li class='caf-mb-4'><a href='#' data-id='18' data-main-id='flt' data-target-div='data-target-div1' class=''>Fashion<\/a><\/li><li class='caf-mb-4'><a href='#' data-id='153' data-main-id='flt' data-target-div='data-target-div1' class=''>Malne World<\/a><\/li><li class='caf-mb-4'><a href='#' data-id='157' data-main-id='flt' data-target-div='data-target-div1' class=''>Luxury garments<\/a><\/li><li class='caf-mb-4'><a href='#' data-id='152' data-main-id='flt' data-target-div='data-target-div1' class=''>Pr\u00eat-\u00e0-Couture<\/a><\/li><li class='caf-mb-4'><a href='#' data-id='154' data-main-id='flt' data-target-div='data-target-div1' class=''>Slow Fashion<\/a><\/li><li class='caf-mb-4'><a href='#' data-id='155' data-main-id='flt' data-target-div='data-target-div1' class=''>Wedding dresses<\/a><\/li>    <\/ul>\r\n<\/div><div id='manage-ajax-response' class='caf-row'><div class=\"status\"><i class=\"fa fa-spinner\" aria-hidden=\"true\"><\/i><\/div><div class=\"content\"><\/div><\/div><\/div>\n\t\t<\/div>\n\t<\/div>\n\n\t\t\t<\/div> \n\t\t<\/div>\n\t<\/div> \n<\/div><\/div>","protected":false},"excerpt":{"rendered":"\u00abEn moda no solo se ense\u00f1a una colecci\u00f3n, se escenifica una manera de estar en el mundo.\u00bb\u00a0 En el universo de la\u00a0moda de autor, elegir entre un\u00a0desfile, un\u00a0showroom\u00a0o una\u00a0presentaci\u00f3n privada\u00a0no...","protected":false},"author":2,"featured_media":0,"parent":0,"menu_order":0,"comment_status":"closed","ping_status":"closed","template":"","meta":{"_acf_changed":false,"inline_featured_image":false,"footnotes":""},"class_list":["post-275","page","type-page","status-publish"],"acf":[],"yoast_head":"<!-- This site is optimized with the Yoast SEO plugin v25.5 - https:\/\/yoast.com\/wordpress\/plugins\/seo\/ -->\n<title>blog - Malne<\/title>\n<meta name=\"description\" content=\"Descubre en el Blog de Malne las \u00faltimas tendencias en alta costura, slow fashion y colecciones exclusivas. Inspiraci\u00f3n y estilo desde Madrid\" \/>\n<meta name=\"robots\" content=\"index, follow, max-snippet:-1, max-image-preview:large, max-video-preview:-1\" \/>\n<link rel=\"canonical\" href=\"https:\/\/malne.es\/en\/blog\/\" \/>\n<meta property=\"og:locale\" content=\"en_GB\" \/>\n<meta property=\"og:type\" content=\"article\" \/>\n<meta property=\"og:title\" content=\"blog - Malne\" \/>\n<meta property=\"og:description\" content=\"Descubre en el Blog de Malne las \u00faltimas tendencias en alta costura, slow fashion y colecciones exclusivas. Inspiraci\u00f3n y estilo desde Madrid\" \/>\n<meta property=\"og:url\" content=\"https:\/\/malne.es\/en\/blog\/\" \/>\n<meta property=\"og:site_name\" content=\"Malne\" \/>\n<meta property=\"article:publisher\" content=\"https:\/\/www.facebook.com\/malnemadrid\/\" \/>\n<meta property=\"article:modified_time\" content=\"2025-09-03T08:29:02+00:00\" \/>\n<meta name=\"twitter:card\" content=\"summary_large_image\" \/>\n<meta name=\"twitter:site\" content=\"@Malne_Official\" \/>\n<meta name=\"twitter:label1\" content=\"Estimated reading time\" \/>\n\t<meta name=\"twitter:data1\" content=\"1 minute\" \/>\n<script type=\"application\/ld+json\" class=\"yoast-schema-graph\">{\"@context\":\"https:\/\/schema.org\",\"@graph\":[{\"@type\":\"WebPage\",\"@id\":\"https:\/\/malne.es\/blog\/\",\"url\":\"https:\/\/malne.es\/blog\/\",\"name\":\"blog - Malne\",\"isPartOf\":{\"@id\":\"https:\/\/malne.es\/#website\"},\"datePublished\":\"2025-01-25T22:33:56+00:00\",\"dateModified\":\"2025-09-03T08:29:02+00:00\",\"description\":\"Descubre en el Blog de Malne las \u00faltimas tendencias en alta costura, slow fashion y colecciones exclusivas. Inspiraci\u00f3n y estilo desde Madrid\",\"breadcrumb\":{\"@id\":\"https:\/\/malne.es\/blog\/#breadcrumb\"},\"inLanguage\":\"en-GB\",\"potentialAction\":[{\"@type\":\"ReadAction\",\"target\":[\"https:\/\/malne.es\/blog\/\"]}]},{\"@type\":\"BreadcrumbList\",\"@id\":\"https:\/\/malne.es\/blog\/#breadcrumb\",\"itemListElement\":[{\"@type\":\"ListItem\",\"position\":1,\"name\":\"Home\",\"item\":\"https:\/\/malne.es\/\"},{\"@type\":\"ListItem\",\"position\":2,\"name\":\"blog\"}]},{\"@type\":\"WebSite\",\"@id\":\"https:\/\/malne.es\/#website\",\"url\":\"https:\/\/malne.es\/\",\"name\":\"Malne\",\"description\":\"sitio oficial. Firma especializada en dise\u00f1o de pr\u00eat-\u00e0-porter y costura de prendas de lujo personalizado en ediciones limitadas.\",\"publisher\":{\"@id\":\"https:\/\/malne.es\/#organization\"},\"potentialAction\":[{\"@type\":\"SearchAction\",\"target\":{\"@type\":\"EntryPoint\",\"urlTemplate\":\"https:\/\/malne.es\/?s={search_term_string}\"},\"query-input\":{\"@type\":\"PropertyValueSpecification\",\"valueRequired\":true,\"valueName\":\"search_term_string\"}}],\"inLanguage\":\"en-GB\"},{\"@type\":\"Organization\",\"@id\":\"https:\/\/malne.es\/#organization\",\"name\":\"Malne\",\"url\":\"https:\/\/malne.es\/\",\"logo\":{\"@type\":\"ImageObject\",\"inLanguage\":\"en-GB\",\"@id\":\"https:\/\/malne.es\/#\/schema\/logo\/image\/\",\"url\":\"https:\/\/malne.es\/wp-content\/uploads\/2025\/02\/Modo_de_aislamiento.png\",\"contentUrl\":\"https:\/\/malne.es\/wp-content\/uploads\/2025\/02\/Modo_de_aislamiento.png\",\"width\":160,\"height\":50,\"caption\":\"Malne\"},\"image\":{\"@id\":\"https:\/\/malne.es\/#\/schema\/logo\/image\/\"},\"sameAs\":[\"https:\/\/www.facebook.com\/malnemadrid\/\",\"https:\/\/x.com\/Malne_Official\",\"https:\/\/www.instagram.com\/malne_official\/?hl=es\"]}]}<\/script>\n<!-- \/ Yoast SEO plugin. -->","yoast_head_json":{"title":"blog - Malne","description":"Discover the latest trends in haute couture, slow fashion and exclusive collections on the Malne Blog. Inspiration and style from Madrid","robots":{"index":"index","follow":"follow","max-snippet":"max-snippet:-1","max-image-preview":"max-image-preview:large","max-video-preview":"max-video-preview:-1"},"canonical":"https:\/\/malne.es\/en\/blog\/","og_locale":"en_GB","og_type":"article","og_title":"blog - Malne","og_description":"Descubre en el Blog de Malne las \u00faltimas tendencias en alta costura, slow fashion y colecciones exclusivas. Inspiraci\u00f3n y estilo desde Madrid","og_url":"https:\/\/malne.es\/en\/blog\/","og_site_name":"Malne","article_publisher":"https:\/\/www.facebook.com\/malnemadrid\/","article_modified_time":"2025-09-03T08:29:02+00:00","twitter_card":"summary_large_image","twitter_site":"@Malne_Official","twitter_misc":{"Estimated reading time":"1 minute"},"schema":{"@context":"https:\/\/schema.org","@graph":[{"@type":"WebPage","@id":"https:\/\/malne.es\/blog\/","url":"https:\/\/malne.es\/blog\/","name":"blog - Malne","isPartOf":{"@id":"https:\/\/malne.es\/#website"},"datePublished":"2025-01-25T22:33:56+00:00","dateModified":"2025-09-03T08:29:02+00:00","description":"Discover the latest trends in haute couture, slow fashion and exclusive collections on the Malne Blog. Inspiration and style from Madrid","breadcrumb":{"@id":"https:\/\/malne.es\/blog\/#breadcrumb"},"inLanguage":"en-GB","potentialAction":[{"@type":"ReadAction","target":["https:\/\/malne.es\/blog\/"]}]},{"@type":"BreadcrumbList","@id":"https:\/\/malne.es\/blog\/#breadcrumb","itemListElement":[{"@type":"ListItem","position":1,"name":"Home","item":"https:\/\/malne.es\/"},{"@type":"ListItem","position":2,"name":"blog"}]},{"@type":"WebSite","@id":"https:\/\/malne.es\/#website","url":"https:\/\/malne.es\/","name":"Malne","description":"official website. The firm specialises in ready-to-wear design and sewing of luxury customised garments in limited editions.","publisher":{"@id":"https:\/\/malne.es\/#organization"},"potentialAction":[{"@type":"SearchAction","target":{"@type":"EntryPoint","urlTemplate":"https:\/\/malne.es\/?s={search_term_string}"},"query-input":{"@type":"PropertyValueSpecification","valueRequired":true,"valueName":"search_term_string"}}],"inLanguage":"en-GB"},{"@type":"Organization","@id":"https:\/\/malne.es\/#organization","name":"Malne","url":"https:\/\/malne.es\/","logo":{"@type":"ImageObject","inLanguage":"en-GB","@id":"https:\/\/malne.es\/#\/schema\/logo\/image\/","url":"https:\/\/malne.es\/wp-content\/uploads\/2025\/02\/Modo_de_aislamiento.png","contentUrl":"https:\/\/malne.es\/wp-content\/uploads\/2025\/02\/Modo_de_aislamiento.png","width":160,"height":50,"caption":"Malne"},"image":{"@id":"https:\/\/malne.es\/#\/schema\/logo\/image\/"},"sameAs":["https:\/\/www.facebook.com\/malnemadrid\/","https:\/\/x.com\/Malne_Official","https:\/\/www.instagram.com\/malne_official\/?hl=es"]}]}},"_links":{"self":[{"href":"https:\/\/malne.es\/en\/wp-json\/wp\/v2\/pages\/275","targetHints":{"allow":["GET"]}}],"collection":[{"href":"https:\/\/malne.es\/en\/wp-json\/wp\/v2\/pages"}],"about":[{"href":"https:\/\/malne.es\/en\/wp-json\/wp\/v2\/types\/page"}],"author":[{"embeddable":true,"href":"https:\/\/malne.es\/en\/wp-json\/wp\/v2\/users\/2"}],"replies":[{"embeddable":true,"href":"https:\/\/malne.es\/en\/wp-json\/wp\/v2\/comments?post=275"}],"version-history":[{"count":23,"href":"https:\/\/malne.es\/en\/wp-json\/wp\/v2\/pages\/275\/revisions"}],"predecessor-version":[{"id":3058,"href":"https:\/\/malne.es\/en\/wp-json\/wp\/v2\/pages\/275\/revisions\/3058"}],"wp:attachment":[{"href":"https:\/\/malne.es\/en\/wp-json\/wp\/v2\/media?parent=275"}],"curies":[{"name":"wp","href":"https:\/\/api.w.org\/{rel}","templated":true}]}}