{"id":2596,"date":"2025-02-24T15:29:27","date_gmt":"2025-02-24T14:29:27","guid":{"rendered":"https:\/\/malne.es\/?page_id=2596"},"modified":"2025-07-24T10:26:34","modified_gmt":"2025-07-24T08:26:34","slug":"about-us","status":"publish","type":"page","link":"https:\/\/malne.es\/en\/about-us\/","title":{"rendered":"About"},"content":{"rendered":"<div id=\"fws_69e07ce307739\"  data-column-margin=\"default\" data-midnight=\"dark\"  class=\"wpb_row vc_row-fluid vc_row\"  style=\"padding-top: 0px; padding-bottom: 0px; \"><div class=\"row-bg-wrap\" data-bg-animation=\"none\" data-bg-animation-delay=\"\" data-bg-overlay=\"false\"><div class=\"inner-wrap row-bg-layer\" ><div class=\"row-bg viewport-desktop\"  style=\"\"><\/div><\/div><\/div><div class=\"row_col_wrap_12 col span_12 dark left\">\n\t<div  class=\"vc_col-sm-12 wpb_column column_container vc_column_container col no-extra-padding inherit_tablet inherit_phone\"  data-padding-pos=\"all\" data-has-bg-color=\"false\" data-bg-color=\"\" data-bg-opacity=\"1\" data-animation=\"\" data-delay=\"0\" >\n\t\t<div class=\"vc_column-inner\" >\n\t\t\t<div class=\"wpb_wrapper\">\n\t\t\t\t<div class=\"img-with-aniamtion-wrap center\" data-max-width=\"100%\" data-max-width-mobile=\"default\" data-shadow=\"none\" data-animation=\"none\" >\n      <div class=\"inner\">\n        <div class=\"hover-wrap\"> \n          <div class=\"hover-wrap-inner\">\n            <img loading=\"lazy\" decoding=\"async\" class=\"img-with-animation skip-lazy\" data-delay=\"0\" height=\"950\" width=\"1665\" data-animation=\"none\" src=\"https:\/\/malne.es\/wp-content\/uploads\/2025\/03\/about-us2025.jpg\" alt=\"Malne\" srcset=\"https:\/\/malne.es\/wp-content\/uploads\/2025\/03\/about-us2025.jpg 1665w, https:\/\/malne.es\/wp-content\/uploads\/2025\/03\/about-us2025-300x171.jpg 300w, https:\/\/malne.es\/wp-content\/uploads\/2025\/03\/about-us2025-768x438.jpg 768w, https:\/\/malne.es\/wp-content\/uploads\/2025\/03\/about-us2025-1536x876.jpg 1536w, https:\/\/malne.es\/wp-content\/uploads\/2025\/03\/about-us2025-18x10.jpg 18w\" sizes=\"auto, (max-width: 1665px) 100vw, 1665px\" \/>\n          <\/div>\n        <\/div>\n      <\/div>\n    <\/div>\n\t\t\t<\/div> \n\t\t<\/div>\n\t<\/div> \n<\/div><\/div>\n\t\t<div id=\"fws_69e07ce30a298\"  data-column-margin=\"default\" data-midnight=\"dark\"  class=\"wpb_row vc_row-fluid vc_row  right_padding_16pct left_padding_16pct right_padding_tablet_0px right_padding_phone_0px left_padding_tablet_0px left_padding_phone_0px\"  style=\"padding-top: 50px; padding-bottom: 50px; \"><div class=\"row-bg-wrap\" data-bg-animation=\"none\" data-bg-animation-delay=\"\" data-bg-overlay=\"false\"><div class=\"inner-wrap row-bg-layer\" ><div class=\"row-bg viewport-desktop\"  style=\"\"><\/div><\/div><\/div><div class=\"row_col_wrap_12 col span_12 dark left\">\n\t<div  class=\"vc_col-sm-12 wpb_column column_container vc_column_container col no-extra-padding inherit_tablet inherit_phone\"  data-padding-pos=\"all\" data-has-bg-color=\"false\" data-bg-color=\"\" data-bg-opacity=\"1\" data-animation=\"\" data-delay=\"0\" >\n\t\t<div class=\"vc_column-inner\" >\n\t\t\t<div class=\"wpb_wrapper\">\n\t\t\t\t<div class=\"nectar-responsive-text font_size_desktop_26px font_size_phone_16px font_line_height_1-3em nectar-link-underline-effect\"><p style=\"text-align: center\">\"OUR MISSION IS TO CREATE THE WORLD WE WANT TO LIVE IN, AND IT IS A WORLD IN WHICH DRESSING DOES NOT COST THE PLANET DEARLY.<\/p>\n<\/div>\n\t\t\t<\/div> \n\t\t<\/div>\n\t<\/div> \n<\/div><\/div>\n\t\t<div id=\"fws_69e07ce30b4fd\"  data-column-margin=\"default\" data-midnight=\"dark\"  class=\"wpb_row vc_row-fluid vc_row  top_padding_phone_0px\"  style=\"padding-top: 50px; padding-bottom: 50px; \"><div class=\"row-bg-wrap\" data-bg-animation=\"none\" data-bg-animation-delay=\"\" data-bg-overlay=\"false\"><div class=\"inner-wrap row-bg-layer\" ><div class=\"row-bg viewport-desktop\"  style=\"\"><\/div><\/div><\/div><div class=\"row_col_wrap_12 col span_12 dark left\">\n\t<div  class=\"vc_col-sm-12 wpb_column column_container vc_column_container col no-extra-padding inherit_tablet inherit_phone\"  data-padding-pos=\"all\" data-has-bg-color=\"false\" data-bg-color=\"\" data-bg-opacity=\"1\" data-animation=\"\" data-delay=\"0\" >\n\t\t<div class=\"vc_column-inner\" >\n\t\t\t<div class=\"wpb_wrapper\">\n\t\t\t\t<div class=\"nectar-responsive-text font_size_desktop_60px font_size_phone_35px font_line_height_1-3em nectar-link-underline-effect\" style=\"color: #000000;\"><h1>ARTIST<br \/>\nPORTRAIT<\/h1>\n<\/div>\n\t\t\t<\/div> \n\t\t<\/div>\n\t<\/div> \n<\/div><\/div>\n\t\t<div id=\"fws_69e07ce30c442\"  data-column-margin=\"default\" data-midnight=\"dark\"  class=\"wpb_row vc_row-fluid vc_row\"  style=\"padding-top: 0px; padding-bottom: 0px; \"><div class=\"row-bg-wrap\" data-bg-animation=\"none\" data-bg-animation-delay=\"\" data-bg-overlay=\"false\"><div class=\"inner-wrap row-bg-layer\" ><div class=\"row-bg viewport-desktop\"  style=\"\"><\/div><\/div><\/div><div class=\"row_col_wrap_12 col span_12 dark left\">\n\t<div  class=\"vc_col-sm-6 wpb_column column_container vc_column_container col no-extra-padding inherit_tablet inherit_phone\"  data-padding-pos=\"all\" data-has-bg-color=\"false\" data-bg-color=\"\" data-bg-opacity=\"1\" data-animation=\"\" data-delay=\"0\" >\n\t\t<div class=\"vc_column-inner\" >\n\t\t\t<div class=\"wpb_wrapper\">\n\t\t\t\t<div class=\"img-with-aniamtion-wrap center\" data-max-width=\"110%\" data-max-width-mobile=\"default\" data-shadow=\"none\" data-animation=\"none\" >\n      <div class=\"inner\">\n        <div class=\"hover-wrap\"> \n          <div class=\"hover-wrap-inner\">\n            <img loading=\"lazy\" decoding=\"async\" class=\"img-with-animation skip-lazy\" data-delay=\"0\" height=\"611\" width=\"389\" data-animation=\"none\" src=\"https:\/\/malne.es\/wp-content\/uploads\/2025\/01\/Malne-About.jpg\" alt=\"designers\" srcset=\"https:\/\/malne.es\/wp-content\/uploads\/2025\/01\/Malne-About.jpg 389w, https:\/\/malne.es\/wp-content\/uploads\/2025\/01\/Malne-About-191x300.jpg 191w\" sizes=\"auto, (max-width: 389px) 100vw, 389px\" \/>\n          <\/div>\n        <\/div>\n      <\/div>\n    <\/div>\n\t\t\t<\/div> \n\t\t<\/div>\n\t<\/div> \n\n\t<div  class=\"vc_col-sm-6 wpb_column column_container vc_column_container col no-extra-padding inherit_tablet inherit_phone\"  data-padding-pos=\"all\" data-has-bg-color=\"false\" data-bg-color=\"\" data-bg-opacity=\"1\" data-animation=\"\" data-delay=\"0\" >\n\t\t<div class=\"vc_column-inner\" >\n\t\t\t<div class=\"wpb_wrapper\">\n\t\t\t\t<div class=\"nectar-responsive-text font_size_phone_16px nectar-link-underline-effect\"><p><span data-contrast=\"auto\">The Malne La Maison brand is the pioneering Spanish fashion company in Slow Fashion with author signature of the Spanish fashion scene. Its two founders, Paloma Alvarez and Juanjo M\u00e1nez, are professionals who are part of the history of fashion in our country, with extensive experience as stylists and creatives for large companies and specialized editorial titles, such as Vogue and Elle.\u00a0<\/span><span data-ccp-props=\"{&quot;335551550&quot;:6,&quot;335551620&quot;:6}\">\u00a0<\/span><\/p>\n<p><span data-contrast=\"auto\">Since 2016, Malne La Maison has stood out for its impeccable collections, which are handcrafted in its atelier in Madrid, with haute couture techniques and materials. Their feminine silhouettes are full of personality and strength, and their shows are always a narration of the values \u200b\u200bof environmental sustainability and responsible consumption, in addition to the idealization of their own, personal and glamorous style.<\/span><span data-ccp-props=\"{&quot;335551550&quot;:6,&quot;335551620&quot;:6}\">\u00a0<\/span><\/p>\n<p><span data-contrast=\"auto\">Malne La Maison stands out for the good patterning of its garments, its artisanal production, piece by piece, relying on classic manufacturing and tailoring techniques, but with a high fashion, modern, unmistakable style, studied to flatter the female body. Among its most unmistakable features are its pagoda shoulder pads on the jackets, which stylize the neck and back, the bias sleeves, which achieve a graceful appearance on the arms, or its unmistakable palazzo pants.\u00a0<\/span><span data-ccp-props=\"{&quot;335551550&quot;:6,&quot;335551620&quot;:6}\">\u00a0<\/span><\/p>\n<p><span data-contrast=\"auto\">Using high-fashion quality fabrics, Malne designers have managed to reach an audience that understands and values \u200b\u200bfashion as an art and have specialized in creating limited series and unique pieces.<\/span><span data-ccp-props=\"{&quot;335551550&quot;:6,&quot;335551620&quot;:6}\">\u00a0<\/span><\/p>\n<p><span data-contrast=\"auto\">The prior study of each client, their personality and needs, are essential to make each purchase a unique experience and the possibility of creating a quality wardrobe that lasts over time.<\/span><span data-ccp-props=\"{&quot;335551550&quot;:6,&quot;335551620&quot;:6}\">\u00a0<\/span><\/p>\n<\/div>\n\t\t\t<\/div> \n\t\t<\/div>\n\t<\/div> \n<\/div><\/div>\n\t\t<div id=\"fws_69e07ce30e74f\"  data-column-margin=\"default\" data-midnight=\"dark\"  class=\"wpb_row vc_row-fluid vc_row\"  style=\"padding-top: 96px; padding-bottom: 56px; \"><div class=\"row-bg-wrap\" data-bg-animation=\"none\" data-bg-animation-delay=\"\" data-bg-overlay=\"false\"><div class=\"inner-wrap row-bg-layer\" ><div class=\"row-bg viewport-desktop\"  style=\"\"><\/div><\/div><\/div><div class=\"row_col_wrap_12 col span_12 dark left\">\n\t<div  class=\"vc_col-sm-12 wpb_column column_container vc_column_container col no-extra-padding inherit_tablet inherit_phone\"  data-padding-pos=\"all\" data-has-bg-color=\"false\" data-bg-color=\"\" data-bg-opacity=\"1\" data-animation=\"\" data-delay=\"0\" >\n\t\t<div class=\"vc_column-inner\" >\n\t\t\t<div class=\"wpb_wrapper\">\n\t\t\t\t<div class=\"nectar-responsive-text custom_fontletter font_size_desktop_50px font_size_tablet_40px font_size_phone_28px font_line_height_1-3em nectar-link-underline-effect\" style=\"color: #000000;\"><p style=\"text-align: center\"><em>Portrait of Artists:<br \/>\n\"Fashion is about playing and having fun.\"<br \/>\n\"If fashion doesn\u2019t serve that purpose, it makes no sense.\"<br \/>\n\"Fashion is not just clothing;<br \/>\nit is the art of expressing a unique personality.\"<br \/>\n<\/em><\/p>\n<\/div><div class=\"nectar-responsive-text font_size_phone_16px nectar-link-underline-effect\"><p style=\"text-align: center\"><strong>Paloma \u00c1lvarez &amp; Juanjo M\u00e1nez<\/strong><\/p>\n<\/div>\n\t\t\t<\/div> \n\t\t<\/div>\n\t<\/div> \n<\/div><\/div>\n\t\t<div id=\"fws_69e07ce30fa4e\"  data-column-margin=\"default\" data-midnight=\"dark\"  class=\"wpb_row vc_row-fluid vc_row  top_padding_tablet_50px top_padding_phone_30px\"  style=\"padding-top: 80px; padding-bottom: 80px; \"><div class=\"row-bg-wrap\" data-bg-animation=\"none\" data-bg-animation-delay=\"\" data-bg-overlay=\"false\"><div class=\"inner-wrap row-bg-layer\" ><div class=\"row-bg viewport-desktop\"  style=\"\"><\/div><\/div><\/div><div class=\"row_col_wrap_12 col span_12 dark left\">\n\t<div  class=\"vc_col-sm-12 wpb_column column_container vc_column_container col no-extra-padding inherit_tablet inherit_phone\"  data-padding-pos=\"all\" data-has-bg-color=\"false\" data-bg-color=\"\" data-bg-opacity=\"1\" data-animation=\"\" data-delay=\"0\" >\n\t\t<div class=\"vc_column-inner\" >\n\t\t\t<div class=\"wpb_wrapper\">\n\t\t\t\t<div class=\"img-with-aniamtion-wrap center\" data-max-width=\"100%\" data-max-width-mobile=\"default\" data-shadow=\"none\" data-animation=\"none\" >\n      <div class=\"inner\">\n        <div class=\"hover-wrap\"> \n          <div class=\"hover-wrap-inner\">\n            <img loading=\"lazy\" decoding=\"async\" class=\"img-with-animation skip-lazy\" data-delay=\"0\" height=\"741\" width=\"1327\" data-animation=\"none\" src=\"https:\/\/malne.es\/wp-content\/uploads\/2025\/01\/image-12.jpg\" alt=\"model by the pool, in a black dress\" srcset=\"https:\/\/malne.es\/wp-content\/uploads\/2025\/01\/image-12.jpg 1327w, https:\/\/malne.es\/wp-content\/uploads\/2025\/01\/image-12-400x223.jpg 400w, https:\/\/malne.es\/wp-content\/uploads\/2025\/01\/image-12-300x168.jpg 300w, https:\/\/malne.es\/wp-content\/uploads\/2025\/01\/image-12-768x429.jpg 768w\" sizes=\"auto, (max-width: 1327px) 100vw, 1327px\" \/>\n          <\/div>\n        <\/div>\n      <\/div>\n    <\/div>\n\t\t\t<\/div> \n\t\t<\/div>\n\t<\/div> \n<\/div><\/div>","protected":false},"excerpt":{"rendered":"\"OUR MISSION IS TO CREATE THE WORLD WE WANT TO LIVE IN, AND THAT IS A WORLD IN WHICH DRESSING DOES NOT COST THE PLANET A HIGH PRICE\" ARTIST PORTRAIT The...","protected":false},"author":2,"featured_media":0,"parent":0,"menu_order":0,"comment_status":"closed","ping_status":"closed","template":"","meta":{"_acf_changed":false,"inline_featured_image":false,"footnotes":""},"class_list":["post-2596","page","type-page","status-publish"],"acf":[],"yoast_head":"<!-- This site is optimized with the Yoast SEO plugin v25.5 - https:\/\/yoast.com\/wordpress\/plugins\/seo\/ -->\n<title>Malne \u2013 Alta Costura Madrid con Sello de Autor y Estilo Atemporal<\/title>\n<meta name=\"description\" content=\"Malne redefine la alta costura en Madrid con dise\u00f1os exclusivos y elegancia atemporal. Descubre la esencia de la alta costura en la capital.\" \/>\n<meta name=\"robots\" content=\"index, follow, max-snippet:-1, max-image-preview:large, max-video-preview:-1\" \/>\n<link rel=\"canonical\" href=\"https:\/\/malne.es\/en\/about-us\/\" \/>\n<meta property=\"og:locale\" content=\"en_GB\" \/>\n<meta property=\"og:type\" content=\"article\" \/>\n<meta property=\"og:title\" content=\"Malne \u2013 Alta Costura Madrid con Sello de Autor y Estilo Atemporal\" \/>\n<meta property=\"og:description\" content=\"Malne redefine la alta costura en Madrid con dise\u00f1os exclusivos y elegancia atemporal. Descubre la esencia de la alta costura en la capital.\" \/>\n<meta property=\"og:url\" content=\"https:\/\/malne.es\/en\/about-us\/\" \/>\n<meta property=\"og:site_name\" content=\"Malne\" \/>\n<meta property=\"article:publisher\" content=\"https:\/\/www.facebook.com\/malnemadrid\/\" \/>\n<meta property=\"article:modified_time\" content=\"2025-07-24T08:26:34+00:00\" \/>\n<meta name=\"twitter:card\" content=\"summary_large_image\" \/>\n<meta name=\"twitter:site\" content=\"@Malne_Official\" \/>\n<meta name=\"twitter:label1\" content=\"Estimated reading time\" \/>\n\t<meta name=\"twitter:data1\" content=\"3 minutes\" \/>\n<script type=\"application\/ld+json\" class=\"yoast-schema-graph\">{\"@context\":\"https:\/\/schema.org\",\"@graph\":[{\"@type\":\"WebPage\",\"@id\":\"https:\/\/malne.es\/about-us\/\",\"url\":\"https:\/\/malne.es\/about-us\/\",\"name\":\"Malne \u2013 Alta Costura Madrid con Sello de Autor y Estilo Atemporal\",\"isPartOf\":{\"@id\":\"https:\/\/malne.es\/#website\"},\"datePublished\":\"2025-02-24T14:29:27+00:00\",\"dateModified\":\"2025-07-24T08:26:34+00:00\",\"description\":\"Malne redefine la alta costura en Madrid con dise\u00f1os exclusivos y elegancia atemporal. Descubre la esencia de la alta costura en la capital.\",\"breadcrumb\":{\"@id\":\"https:\/\/malne.es\/about-us\/#breadcrumb\"},\"inLanguage\":\"en-GB\",\"potentialAction\":[{\"@type\":\"ReadAction\",\"target\":[\"https:\/\/malne.es\/about-us\/\"]}]},{\"@type\":\"BreadcrumbList\",\"@id\":\"https:\/\/malne.es\/about-us\/#breadcrumb\",\"itemListElement\":[{\"@type\":\"ListItem\",\"position\":1,\"name\":\"Home\",\"item\":\"https:\/\/malne.es\/\"},{\"@type\":\"ListItem\",\"position\":2,\"name\":\"About\"}]},{\"@type\":\"WebSite\",\"@id\":\"https:\/\/malne.es\/#website\",\"url\":\"https:\/\/malne.es\/\",\"name\":\"Malne\",\"description\":\"sitio oficial. Firma especializada en dise\u00f1o de pr\u00eat-\u00e0-porter y costura de prendas de lujo personalizado en ediciones limitadas.\",\"publisher\":{\"@id\":\"https:\/\/malne.es\/#organization\"},\"potentialAction\":[{\"@type\":\"SearchAction\",\"target\":{\"@type\":\"EntryPoint\",\"urlTemplate\":\"https:\/\/malne.es\/?s={search_term_string}\"},\"query-input\":{\"@type\":\"PropertyValueSpecification\",\"valueRequired\":true,\"valueName\":\"search_term_string\"}}],\"inLanguage\":\"en-GB\"},{\"@type\":\"Organization\",\"@id\":\"https:\/\/malne.es\/#organization\",\"name\":\"Malne\",\"url\":\"https:\/\/malne.es\/\",\"logo\":{\"@type\":\"ImageObject\",\"inLanguage\":\"en-GB\",\"@id\":\"https:\/\/malne.es\/#\/schema\/logo\/image\/\",\"url\":\"https:\/\/malne.es\/wp-content\/uploads\/2025\/02\/Modo_de_aislamiento.png\",\"contentUrl\":\"https:\/\/malne.es\/wp-content\/uploads\/2025\/02\/Modo_de_aislamiento.png\",\"width\":160,\"height\":50,\"caption\":\"Malne\"},\"image\":{\"@id\":\"https:\/\/malne.es\/#\/schema\/logo\/image\/\"},\"sameAs\":[\"https:\/\/www.facebook.com\/malnemadrid\/\",\"https:\/\/x.com\/Malne_Official\",\"https:\/\/www.instagram.com\/malne_official\/?hl=es\"]}]}<\/script>\n<!-- \/ Yoast SEO plugin. -->","yoast_head_json":{"title":"Malne - Madrid Haute Couture with a Signature Label and Timeless Style","description":"Malne redefines haute couture in Madrid with exclusive designs and timeless elegance. Discover the essence of haute couture in the capital.","robots":{"index":"index","follow":"follow","max-snippet":"max-snippet:-1","max-image-preview":"max-image-preview:large","max-video-preview":"max-video-preview:-1"},"canonical":"https:\/\/malne.es\/en\/about-us\/","og_locale":"en_GB","og_type":"article","og_title":"Malne \u2013 Alta Costura Madrid con Sello de Autor y Estilo Atemporal","og_description":"Malne redefine la alta costura en Madrid con dise\u00f1os exclusivos y elegancia atemporal. Descubre la esencia de la alta costura en la capital.","og_url":"https:\/\/malne.es\/en\/about-us\/","og_site_name":"Malne","article_publisher":"https:\/\/www.facebook.com\/malnemadrid\/","article_modified_time":"2025-07-24T08:26:34+00:00","twitter_card":"summary_large_image","twitter_site":"@Malne_Official","twitter_misc":{"Estimated reading time":"3 minutes"},"schema":{"@context":"https:\/\/schema.org","@graph":[{"@type":"WebPage","@id":"https:\/\/malne.es\/about-us\/","url":"https:\/\/malne.es\/about-us\/","name":"Malne - Madrid Haute Couture with a Signature Label and Timeless Style","isPartOf":{"@id":"https:\/\/malne.es\/#website"},"datePublished":"2025-02-24T14:29:27+00:00","dateModified":"2025-07-24T08:26:34+00:00","description":"Malne redefines haute couture in Madrid with exclusive designs and timeless elegance. Discover the essence of haute couture in the capital.","breadcrumb":{"@id":"https:\/\/malne.es\/about-us\/#breadcrumb"},"inLanguage":"en-GB","potentialAction":[{"@type":"ReadAction","target":["https:\/\/malne.es\/about-us\/"]}]},{"@type":"BreadcrumbList","@id":"https:\/\/malne.es\/about-us\/#breadcrumb","itemListElement":[{"@type":"ListItem","position":1,"name":"Home","item":"https:\/\/malne.es\/"},{"@type":"ListItem","position":2,"name":"About"}]},{"@type":"WebSite","@id":"https:\/\/malne.es\/#website","url":"https:\/\/malne.es\/","name":"Malne","description":"official website. The firm specialises in ready-to-wear design and sewing of luxury customised garments in limited editions.","publisher":{"@id":"https:\/\/malne.es\/#organization"},"potentialAction":[{"@type":"SearchAction","target":{"@type":"EntryPoint","urlTemplate":"https:\/\/malne.es\/?s={search_term_string}"},"query-input":{"@type":"PropertyValueSpecification","valueRequired":true,"valueName":"search_term_string"}}],"inLanguage":"en-GB"},{"@type":"Organization","@id":"https:\/\/malne.es\/#organization","name":"Malne","url":"https:\/\/malne.es\/","logo":{"@type":"ImageObject","inLanguage":"en-GB","@id":"https:\/\/malne.es\/#\/schema\/logo\/image\/","url":"https:\/\/malne.es\/wp-content\/uploads\/2025\/02\/Modo_de_aislamiento.png","contentUrl":"https:\/\/malne.es\/wp-content\/uploads\/2025\/02\/Modo_de_aislamiento.png","width":160,"height":50,"caption":"Malne"},"image":{"@id":"https:\/\/malne.es\/#\/schema\/logo\/image\/"},"sameAs":["https:\/\/www.facebook.com\/malnemadrid\/","https:\/\/x.com\/Malne_Official","https:\/\/www.instagram.com\/malne_official\/?hl=es"]}]}},"_links":{"self":[{"href":"https:\/\/malne.es\/en\/wp-json\/wp\/v2\/pages\/2596","targetHints":{"allow":["GET"]}}],"collection":[{"href":"https:\/\/malne.es\/en\/wp-json\/wp\/v2\/pages"}],"about":[{"href":"https:\/\/malne.es\/en\/wp-json\/wp\/v2\/types\/page"}],"author":[{"embeddable":true,"href":"https:\/\/malne.es\/en\/wp-json\/wp\/v2\/users\/2"}],"replies":[{"embeddable":true,"href":"https:\/\/malne.es\/en\/wp-json\/wp\/v2\/comments?post=2596"}],"version-history":[{"count":8,"href":"https:\/\/malne.es\/en\/wp-json\/wp\/v2\/pages\/2596\/revisions"}],"predecessor-version":[{"id":3029,"href":"https:\/\/malne.es\/en\/wp-json\/wp\/v2\/pages\/2596\/revisions\/3029"}],"wp:attachment":[{"href":"https:\/\/malne.es\/en\/wp-json\/wp\/v2\/media?parent=2596"}],"curies":[{"name":"wp","href":"https:\/\/api.w.org\/{rel}","templated":true}]}}