{"id":2020,"date":"2025-02-12T09:22:34","date_gmt":"2025-02-12T08:22:34","guid":{"rendered":"https:\/\/malne.es\/?page_id=2020"},"modified":"2025-12-09T13:03:37","modified_gmt":"2025-12-09T12:03:37","slug":"our-stores","status":"publish","type":"page","link":"https:\/\/malne.es\/en\/our-stores\/","title":{"rendered":"Our Stores"},"content":{"rendered":"<div id=\"fws_69ea23660b922\"  data-column-margin=\"default\" data-midnight=\"dark\"  class=\"wpb_row vc_row-fluid vc_row vc_row-o-equal-height vc_row-flex vc_row-o-content-bottom  right_padding_20px left_padding_20px\"  style=\"padding-top: 40px; padding-bottom: 0px; \"><div class=\"row-bg-wrap\" data-bg-animation=\"none\" data-bg-animation-delay=\"\" data-bg-overlay=\"false\"><div class=\"inner-wrap row-bg-layer\" ><div class=\"row-bg viewport-desktop\"  style=\"\"><\/div><\/div><\/div><div class=\"row_col_wrap_12 col span_12 dark left\">\n\t<div  class=\"vc_col-sm-8 wpb_column column_container vc_column_container col no-extra-padding inherit_tablet inherit_phone\"  data-padding-pos=\"all\" data-has-bg-color=\"false\" data-bg-color=\"\" data-bg-opacity=\"1\" data-animation=\"\" data-delay=\"0\" >\n\t\t<div class=\"vc_column-inner\" >\n\t\t\t<div class=\"wpb_wrapper\">\n\t\t\t\t<div class=\"nectar-responsive-text font_size_desktop_80px font_size_phone_35px font_line_height_1-3em nectar-link-underline-effect\" style=\"color: #000000;\"><h1><em>Our Stores<\/em><\/h1>\n<\/div>\n\t\t\t<\/div> \n\t\t<\/div>\n\t<\/div> \n<\/div><\/div>\n\t\t<div id=\"fws_69ea23660ce25\"  data-column-margin=\"default\" data-midnight=\"dark\"  class=\"wpb_row vc_row-fluid vc_row  right_padding_20px left_padding_20px\"  style=\"padding-top: 0px; padding-bottom: 0px; \"><div class=\"row-bg-wrap\" data-bg-animation=\"none\" data-bg-animation-delay=\"\" data-bg-overlay=\"false\"><div class=\"inner-wrap row-bg-layer\" ><div class=\"row-bg viewport-desktop\"  style=\"\"><\/div><\/div><\/div><div class=\"row_col_wrap_12 col span_12 dark left\">\n\t<div  class=\"vc_col-sm-1\/5 cotainerpopup wpb_column column_container vc_column_container col no-extra-padding inherit_tablet inherit_phone\"  data-padding-pos=\"all\" data-has-bg-color=\"false\" data-bg-color=\"\" data-bg-opacity=\"1\" data-animation=\"\" data-delay=\"0\" >\n\t\t<div class=\"vc_column-inner\" >\n\t\t\t<div class=\"wpb_wrapper\">\n\t\t\t\t<div class=\"nectar-responsive-text font_size_desktop_30px font_size_phone_35px font_line_height_1-3em nectar-link-underline-effect\" style=\"color: #000000;\" data-inherit-heading-family=\"h2\"><h2><strong>MADRID<\/strong><\/h2>\n<\/div><div class=\"nectar-responsive-text font_size_tablet_14px nectar-link-underline-effect\"><p><strong>ES FASCINANTE<\/strong><br \/>\nC. del Conde de Aranda, 22<br \/>\nLower Right<br \/>\n28001 Madrid<br \/>\n+34 910 40 37 46<\/p>\n<\/div>\n\t<div class=\"wpb_raw_code wpb_raw_html wpb_content_element cotainerpopup\" >\n\t\t<div class=\"wpb_wrapper\">\n\t\t\t<span class=\"view-map\" onclick=\"openPopup('popup1')\">View Map<\/span>\n\n<div class=\"popup-overlay\" id=\"popup1\">\n    <div class=\"popup-content\">\n        <span class=\"close-btn\" onclick=\"closePopup('popup1')\">\u00d7<\/span>\n        <h2>MADRID - IT'S FASCINATING<\/h2>\n        <iframe src=\"https:\/\/www.google.com\/maps\/embed?pb=!1m18!1m12!1m3!1d3037.4277049755055!2d-3.6877806875852874!3d40.421527271319725!2m3!1f0!2f0!3f0!3m2!1i1024!2i768!4f13.1!3m3!1m2!1s0xd4229d696a90933%3A0xac496040cc889647!2sES%20Fascinante!5e0!3m2!1ses-419!2ses!4v1739914730771!5m2!1ses-419!2ses\" width=\"800\" height=\"600\" style=\"border:0;\" allowfullscreen=\"\" loading=\"lazy\" referrerpolicy=\"no-referrer-when-downgrade\"><\/iframe>\n    <\/div>\n<\/div>\n\n\n\n\n\t\t<\/div>\n\t<\/div>\n\n\t\t\t<\/div> \n\t\t<\/div>\n\t<\/div> \n\n\t<div  class=\"vc_col-sm-1\/5 wpb_column column_container vc_column_container col no-extra-padding inherit_tablet inherit_phone\"  data-padding-pos=\"all\" data-has-bg-color=\"false\" data-bg-color=\"\" data-bg-opacity=\"1\" data-animation=\"\" data-delay=\"0\" >\n\t\t<div class=\"vc_column-inner\" >\n\t\t\t<div class=\"wpb_wrapper\">\n\t\t\t\t<div class=\"nectar-responsive-text font_size_desktop_30px font_size_phone_35px font_line_height_1-3em nectar-link-underline-effect\" style=\"color: #000000;\" data-inherit-heading-family=\"h2\"><h2><strong>ALICANTE<\/strong><\/h2>\n<\/div><div class=\"nectar-responsive-text font_size_tablet_14px nectar-link-underline-effect\"><p><strong>SHA<\/strong><br \/>\nCarrer del Verderol, 5<br \/>\n03581 L'Albir<br \/>\nAlicante<br \/>\n+34 966 81 11 99<\/p>\n<\/div>\n\t<div class=\"wpb_raw_code wpb_raw_html wpb_content_element cotainerpopup\" >\n\t\t<div class=\"wpb_wrapper\">\n\t\t\t\n<span class=\"view-map\" onclick=\"openPopup('popup2')\">View Map<\/span>\n<div class=\"popup-overlay\" id=\"popup2\">\n    <div class=\"popup-content\">\n        <span class=\"close-btn\" onclick=\"closePopup('popup2')\">\u00d7<\/span>\n        <h2 id=\"popup-title2\">ALICANTE - SHA<\/h2>\n        <iframe src=\"https:\/\/www.google.com\/maps\/embed?pb=!1m18!1m12!1m3!1d6239.731890519357!2d-0.07906117341098823!3d38.55990229885921!2m3!1f0!2f0!3f0!3m2!1i1024!2i768!4f13.1!3m3!1m2!1s0xd6206a8235ed33f%3A0xa6f0b45a6c264f48!2sSHA!5e0!3m2!1ses-419!2ses!4v1739915350080!5m2!1ses-419!2ses\" width=\"600\" height=\"450\" style=\"border:0;\" allowfullscreen=\"\" loading=\"lazy\" referrerpolicy=\"no-referrer-when-downgrade\"><\/iframe>\n    <\/div>\n<\/div>\n\n\n\n\n\t\t<\/div>\n\t<\/div>\n\n\t\t\t<\/div> \n\t\t<\/div>\n\t<\/div> \n\n\t<div  class=\"vc_col-sm-1\/5 wpb_column column_container vc_column_container col no-extra-padding inherit_tablet inherit_phone\"  data-padding-pos=\"all\" data-has-bg-color=\"false\" data-bg-color=\"\" data-bg-opacity=\"1\" data-animation=\"\" data-delay=\"0\" >\n\t\t<div class=\"vc_column-inner\" >\n\t\t\t<div class=\"wpb_wrapper\">\n\t\t\t\t<div class=\"nectar-responsive-text font_size_desktop_30px font_size_phone_35px font_line_height_1-3em nectar-link-underline-effect\" style=\"color: #000000;\" data-inherit-heading-family=\"h2\"><h2><strong>MENORCA<\/strong><\/h2>\n<\/div><div class=\"nectar-responsive-text font_size_tablet_14px nectar-link-underline-effect\"><p><strong>SON VELL<\/strong><br \/>\nCam\u00ed de Son March S\/N,<br \/>\n07769 Ciudadella<br \/>\nMENORCA<br \/>\n+34 971 939 424<\/p>\n<\/div>\n\t<div class=\"wpb_raw_code wpb_raw_html wpb_content_element cotainerpopup\" >\n\t\t<div class=\"wpb_wrapper\">\n\t\t\t<span class=\"view-map\" onclick=\"openPopup('popup3')\">View Map<\/span>\n<div class=\"popup-overlay\" id=\"popup3\">\n    <div class=\"popup-content\">\n        <span class=\"close-btn\" onclick=\"closePopup('popup3')\">\u00d7<\/span>\n        <h2 id=\"popup-title3\">MENORCA - SON VELL<\/h2>\n       <iframe src=\"https:\/\/www.google.com\/maps\/embed?pb=!1m18!1m12!1m3!1d3059.316818394704!2d3.8623781123965144!3d39.93430247140239!2m3!1f0!2f0!3f0!3m2!1i1024!2i768!4f13.1!3m3!1m2!1s0x12be03613d408061%3A0xf421c0c60b32e343!2sVestige%20Son%20Vell!5e0!3m2!1ses-419!2ses!4v1739916825167!5m2!1ses-419!2ses\" width=\"600\" height=\"450\" style=\"border:0;\" allowfullscreen=\"\" loading=\"lazy\" referrerpolicy=\"no-referrer-when-downgrade\"><\/iframe>\n    <\/div>\n<\/div>\n\n\n\n\n\n\t\t<\/div>\n\t<\/div>\n\n\t\t\t<\/div> \n\t\t<\/div>\n\t<\/div> \n\n\t<div  class=\"vc_col-sm-1\/5 wpb_column column_container vc_column_container col no-extra-padding inherit_tablet inherit_phone\"  data-padding-pos=\"all\" data-has-bg-color=\"false\" data-bg-color=\"\" data-bg-opacity=\"1\" data-animation=\"\" data-delay=\"0\" >\n\t\t<div class=\"vc_column-inner\" >\n\t\t\t<div class=\"wpb_wrapper\">\n\t\t\t\t<div class=\"nectar-responsive-text font_size_desktop_30px font_size_phone_35px font_line_height_1-3em nectar-link-underline-effect\" style=\"color: #000000;\" data-inherit-heading-family=\"h2\"><h2><strong>KUWAIT<\/strong><\/h2>\n<\/div><div class=\"nectar-responsive-text font_size_tablet_14px nectar-link-underline-effect\"><p><strong>NASS BOUTIQUE<\/strong><br \/>\nBlock 5 Mutlaq Abbas Munawir<br \/>\nSt The Avenues Mall<br \/>\nKuwait<br \/>\n+96 596 991 166<\/p>\n<\/div>\n\t<div class=\"wpb_raw_code wpb_raw_html wpb_content_element cotainerpopup\" >\n\t\t<div class=\"wpb_wrapper\">\n\t\t\t<span class=\"view-map\" onclick=\"openPopup('popup4')\">View Map<\/span>\n<div class=\"popup-overlay\" id=\"popup4\">\n    <div class=\"popup-content\">\n        <span class=\"close-btn\" onclick=\"closePopup('popup4')\">\u00d7<\/span>\n        <h2 id=\"popup-title4\">KUWAIT - NASS BOUTIQUE <\/h2>\n        <iframe src=\"https:\/\/www.google.com\/maps\/embed?pb=!1m18!1m12!1m3!1d3479.2666862470132!2d47.933538312048476!3d29.30385187520184!2m3!1f0!2f0!3f0!3m2!1i1024!2i768!4f13.1!3m3!1m2!1s0x3fcf9a8c058b5a55%3A0x578e13e0f037539a!2sNass%20Boutique!5e0!3m2!1ses-419!2ses!4v1739916677608!5m2!1ses-419!2ses\" width=\"600\" height=\"450\" style=\"border:0;\" allowfullscreen=\"\" loading=\"lazy\" referrerpolicy=\"no-referrer-when-downgrade\"><\/iframe>\n    <\/div>\n<\/div>\n\n\n\n\n\n\t\t<\/div>\n\t<\/div>\n\n\t\t\t<\/div> \n\t\t<\/div>\n\t<\/div> \n\n\t<div  class=\"vc_col-sm-1\/5 wpb_column column_container vc_column_container col no-extra-padding inherit_tablet inherit_phone\"  data-padding-pos=\"all\" data-has-bg-color=\"false\" data-bg-color=\"\" data-bg-opacity=\"1\" data-animation=\"\" data-delay=\"0\" >\n\t\t<div class=\"vc_column-inner\" >\n\t\t\t<div class=\"wpb_wrapper\">\n\t\t\t\t<div class=\"nectar-responsive-text font_size_desktop_30px font_size_phone_35px font_line_height_1-3em nectar-link-underline-effect\" style=\"color: #000000;\" data-inherit-heading-family=\"h2\"><h2><strong>KUWAIT<\/strong><\/h2>\n<\/div><div class=\"nectar-responsive-text font_size_tablet_14px nectar-link-underline-effect\"><p><strong>DARUSHA<\/strong><br \/>\nAl Hamra Tower,<br \/>\nMezzanine, Kuwait City<br \/>\n+965 9990 4900<\/p>\n<\/div>\n\t<div class=\"wpb_raw_code wpb_raw_html wpb_content_element cotainerpopup\" >\n\t\t<div class=\"wpb_wrapper\">\n\t\t\t<span class=\"view-map\" onclick=\"openPopup('popup5')\">View Map<\/span>\n<div class=\"popup-overlay\" id=\"popup5\">\n    <div class=\"popup-content\">\n        <span class=\"close-btn\" onclick=\"closePopup('popup5')\">\u00d7<\/span>\n        <h2 id=\"popup-title5\">KUWAIT - DARUSHA <\/h2>\n        <iframe src=\"https:\/\/www.google.com\/maps\/embed?pb=!1m18!1m12!1m3!1d27816.87438331701!2d47.928973994996745!3d29.36708879547445!2m3!1f0!2f0!3f0!3m2!1i1024!2i768!4f13.1!3m3!1m2!1s0x3fcf84c8767bb689%3A0xde7b0e9b308f0724!2sDARUSHA!5e0!3m2!1ses-419!2ses!4v1739916976270!5m2!1ses-419!2ses\" width=\"600\" height=\"450\" style=\"border:0;\" allowfullscreen=\"\" loading=\"lazy\" referrerpolicy=\"no-referrer-when-downgrade\"><\/iframe>\n    <\/div>\n<\/div>\n\n\n\n\n\n\t\t<\/div>\n\t<\/div>\n\n\t\t\t<\/div> \n\t\t<\/div>\n\t<\/div> \n<\/div><\/div>\n\t\t<div id=\"fws_69ea23661371a\"  data-column-margin=\"default\" data-midnight=\"dark\"  class=\"wpb_row vc_row-fluid vc_row\"  style=\"padding-top: 0px; padding-bottom: 0px; \"><div class=\"row-bg-wrap\" data-bg-animation=\"none\" data-bg-animation-delay=\"\" data-bg-overlay=\"false\"><div class=\"inner-wrap row-bg-layer\" ><div class=\"row-bg viewport-desktop\"  style=\"\"><\/div><\/div><\/div><div class=\"row_col_wrap_12 col span_12 dark left\">\n\t<div  class=\"vc_col-sm-12 wpb_column column_container vc_column_container col no-extra-padding inherit_tablet inherit_phone\"  data-padding-pos=\"all\" data-has-bg-color=\"false\" data-bg-color=\"\" data-bg-opacity=\"1\" data-animation=\"\" data-delay=\"0\" >\n\t\t<div class=\"vc_column-inner\" >\n\t\t\t<div class=\"wpb_wrapper\">\n\t\t\t\t\n\t<div class=\"wpb_raw_code wpb_raw_js\" >\n\t\t<div class=\"wpb_wrapper\">\n\t\t\t<script> \nfunction openPopup(id) {\n    let popup = document.getElementById(id);\n    if (popup) {\n        popup.style.display = 'flex';\n        popup.style.zIndex = '999999';\n    }\n}\n\nfunction closePopup(id) {\n    let popup = document.getElementById(id);\n    if (popup) {\n        popup.style.display = 'none';\n    }\n}\n\n\n <\/script>\n\t\t<\/div>\n\t<\/div>\n\n\t\t\t<\/div> \n\t\t<\/div>\n\t<\/div> \n<\/div><\/div>\n\t\t<div id=\"fws_69ea2366148f1\"  data-column-margin=\"default\" data-midnight=\"dark\"  class=\"wpb_row vc_row-fluid vc_row  zindex-set right_padding_20px left_padding_20px\"  style=\"padding-top: 40px; padding-bottom: 40px;  z-index: 1;\"><div class=\"row-bg-wrap\" data-bg-animation=\"none\" data-bg-animation-delay=\"\" data-bg-overlay=\"false\"><div class=\"inner-wrap row-bg-layer\" ><div class=\"row-bg viewport-desktop\"  style=\"\"><\/div><\/div><\/div><div class=\"row_col_wrap_12 col span_12 dark left\">\n\t<div  class=\"vc_col-sm-12 wpb_column column_container vc_column_container col no-extra-padding inherit_tablet inherit_phone\"  data-padding-pos=\"all\" data-has-bg-color=\"false\" data-bg-color=\"\" data-bg-opacity=\"1\" data-animation=\"\" data-delay=\"0\" >\n\t\t<div class=\"vc_column-inner\" >\n\t\t\t<div class=\"wpb_wrapper\">\n\t\t\t\t<div class=\"img-with-aniamtion-wrap center position_desktop_relative\" data-max-width=\"100%\" data-max-width-mobile=\"100%\" data-shadow=\"none\" data-animation=\"none\" >\n      <div class=\"inner\">\n        <div class=\"hover-wrap\"> \n          <div class=\"hover-wrap-inner\">\n            <img loading=\"lazy\" decoding=\"async\" class=\"img-with-animation image-stores skip-lazy\" data-delay=\"0\" height=\"741\" width=\"1327\" data-animation=\"none\" src=\"https:\/\/malne.es\/wp-content\/uploads\/2025\/01\/image-12.jpg\" alt=\"model by the pool, in a black dress\" srcset=\"https:\/\/malne.es\/wp-content\/uploads\/2025\/01\/image-12.jpg 1327w, https:\/\/malne.es\/wp-content\/uploads\/2025\/01\/image-12-400x223.jpg 400w, https:\/\/malne.es\/wp-content\/uploads\/2025\/01\/image-12-300x168.jpg 300w, https:\/\/malne.es\/wp-content\/uploads\/2025\/01\/image-12-768x429.jpg 768w\" sizes=\"auto, (max-width: 1327px) 100vw, 1327px\" \/>\n          <\/div>\n        <\/div>\n      <\/div>\n    <\/div>\n\t\t\t<\/div> \n\t\t<\/div>\n\t<\/div> \n<\/div><\/div>","protected":false},"excerpt":{"rendered":"Our Stores MADRID ES FASCINANTE C. del Conde de Aranda, 22 Bajo Derecha 28001 Madrid +34 910 40 37 46 View Map &times; MADRID - ES FASCINANTE ALICANTE SHA Carrer...","protected":false},"author":2,"featured_media":0,"parent":0,"menu_order":0,"comment_status":"closed","ping_status":"closed","template":"","meta":{"_acf_changed":false,"inline_featured_image":false,"footnotes":""},"class_list":["post-2020","page","type-page","status-publish"],"acf":[],"yoast_head":"<!-- This site is optimized with the Yoast SEO plugin v25.5 - https:\/\/yoast.com\/wordpress\/plugins\/seo\/ -->\n<title>D\u00f3nde Comprar Malne | Boutiques de Lujo y Alta Costura.<\/title>\n<meta name=\"description\" content=\"Descubre d\u00f3nde comprar Malne. Boutiques de lujo y puntos de venta exclusivos con las colecciones de alta costura de los dise\u00f1adores.\" \/>\n<meta name=\"robots\" content=\"index, follow, max-snippet:-1, max-image-preview:large, max-video-preview:-1\" \/>\n<link rel=\"canonical\" href=\"https:\/\/malne.es\/en\/our-stores\/\" \/>\n<meta property=\"og:locale\" content=\"en_GB\" \/>\n<meta property=\"og:type\" content=\"article\" \/>\n<meta property=\"og:title\" content=\"D\u00f3nde Comprar Malne | Boutiques de Lujo y Alta Costura.\" \/>\n<meta property=\"og:description\" content=\"Descubre d\u00f3nde comprar Malne. Boutiques de lujo y puntos de venta exclusivos con las colecciones de alta costura de los dise\u00f1adores.\" \/>\n<meta property=\"og:url\" content=\"https:\/\/malne.es\/en\/our-stores\/\" \/>\n<meta property=\"og:site_name\" content=\"Malne\" \/>\n<meta property=\"article:publisher\" content=\"https:\/\/www.facebook.com\/malnemadrid\/\" \/>\n<meta property=\"article:modified_time\" content=\"2025-12-09T12:03:37+00:00\" \/>\n<meta name=\"twitter:card\" content=\"summary_large_image\" \/>\n<meta name=\"twitter:site\" content=\"@Malne_Official\" \/>\n<meta name=\"twitter:label1\" content=\"Estimated reading time\" \/>\n\t<meta name=\"twitter:data1\" content=\"1 minute\" \/>\n<script type=\"application\/ld+json\" class=\"yoast-schema-graph\">{\"@context\":\"https:\/\/schema.org\",\"@graph\":[{\"@type\":\"WebPage\",\"@id\":\"https:\/\/malne.es\/our-stores\/\",\"url\":\"https:\/\/malne.es\/our-stores\/\",\"name\":\"D\u00f3nde Comprar Malne | Boutiques de Lujo y Alta Costura.\",\"isPartOf\":{\"@id\":\"https:\/\/malne.es\/#website\"},\"datePublished\":\"2025-02-12T08:22:34+00:00\",\"dateModified\":\"2025-12-09T12:03:37+00:00\",\"description\":\"Descubre d\u00f3nde comprar Malne. Boutiques de lujo y puntos de venta exclusivos con las colecciones de alta costura de los dise\u00f1adores.\",\"breadcrumb\":{\"@id\":\"https:\/\/malne.es\/our-stores\/#breadcrumb\"},\"inLanguage\":\"en-GB\",\"potentialAction\":[{\"@type\":\"ReadAction\",\"target\":[\"https:\/\/malne.es\/our-stores\/\"]}]},{\"@type\":\"BreadcrumbList\",\"@id\":\"https:\/\/malne.es\/our-stores\/#breadcrumb\",\"itemListElement\":[{\"@type\":\"ListItem\",\"position\":1,\"name\":\"Home\",\"item\":\"https:\/\/malne.es\/\"},{\"@type\":\"ListItem\",\"position\":2,\"name\":\"Our Stores\"}]},{\"@type\":\"WebSite\",\"@id\":\"https:\/\/malne.es\/#website\",\"url\":\"https:\/\/malne.es\/\",\"name\":\"Malne\",\"description\":\"sitio oficial. Firma especializada en dise\u00f1o de pr\u00eat-\u00e0-porter y costura de prendas de lujo personalizado en ediciones limitadas.\",\"publisher\":{\"@id\":\"https:\/\/malne.es\/#organization\"},\"potentialAction\":[{\"@type\":\"SearchAction\",\"target\":{\"@type\":\"EntryPoint\",\"urlTemplate\":\"https:\/\/malne.es\/?s={search_term_string}\"},\"query-input\":{\"@type\":\"PropertyValueSpecification\",\"valueRequired\":true,\"valueName\":\"search_term_string\"}}],\"inLanguage\":\"en-GB\"},{\"@type\":\"Organization\",\"@id\":\"https:\/\/malne.es\/#organization\",\"name\":\"Malne\",\"url\":\"https:\/\/malne.es\/\",\"logo\":{\"@type\":\"ImageObject\",\"inLanguage\":\"en-GB\",\"@id\":\"https:\/\/malne.es\/#\/schema\/logo\/image\/\",\"url\":\"https:\/\/malne.es\/wp-content\/uploads\/2025\/02\/Modo_de_aislamiento.png\",\"contentUrl\":\"https:\/\/malne.es\/wp-content\/uploads\/2025\/02\/Modo_de_aislamiento.png\",\"width\":160,\"height\":50,\"caption\":\"Malne\"},\"image\":{\"@id\":\"https:\/\/malne.es\/#\/schema\/logo\/image\/\"},\"sameAs\":[\"https:\/\/www.facebook.com\/malnemadrid\/\",\"https:\/\/x.com\/Malne_Official\",\"https:\/\/www.instagram.com\/malne_official\/?hl=es\"]}]}<\/script>\n<!-- \/ Yoast SEO plugin. -->","yoast_head_json":{"title":"Where to Buy Malne | Luxury and Haute Couture Boutiques.","description":"Find out where to buy Malne. Luxury boutiques and exclusive outlets with the designers' haute couture collections.","robots":{"index":"index","follow":"follow","max-snippet":"max-snippet:-1","max-image-preview":"max-image-preview:large","max-video-preview":"max-video-preview:-1"},"canonical":"https:\/\/malne.es\/en\/our-stores\/","og_locale":"en_GB","og_type":"article","og_title":"D\u00f3nde Comprar Malne | Boutiques de Lujo y Alta Costura.","og_description":"Descubre d\u00f3nde comprar Malne. Boutiques de lujo y puntos de venta exclusivos con las colecciones de alta costura de los dise\u00f1adores.","og_url":"https:\/\/malne.es\/en\/our-stores\/","og_site_name":"Malne","article_publisher":"https:\/\/www.facebook.com\/malnemadrid\/","article_modified_time":"2025-12-09T12:03:37+00:00","twitter_card":"summary_large_image","twitter_site":"@Malne_Official","twitter_misc":{"Estimated reading time":"1 minute"},"schema":{"@context":"https:\/\/schema.org","@graph":[{"@type":"WebPage","@id":"https:\/\/malne.es\/our-stores\/","url":"https:\/\/malne.es\/our-stores\/","name":"Where to Buy Malne | Luxury and Haute Couture Boutiques.","isPartOf":{"@id":"https:\/\/malne.es\/#website"},"datePublished":"2025-02-12T08:22:34+00:00","dateModified":"2025-12-09T12:03:37+00:00","description":"Find out where to buy Malne. Luxury boutiques and exclusive outlets with the designers' haute couture collections.","breadcrumb":{"@id":"https:\/\/malne.es\/our-stores\/#breadcrumb"},"inLanguage":"en-GB","potentialAction":[{"@type":"ReadAction","target":["https:\/\/malne.es\/our-stores\/"]}]},{"@type":"BreadcrumbList","@id":"https:\/\/malne.es\/our-stores\/#breadcrumb","itemListElement":[{"@type":"ListItem","position":1,"name":"Home","item":"https:\/\/malne.es\/"},{"@type":"ListItem","position":2,"name":"Our Stores"}]},{"@type":"WebSite","@id":"https:\/\/malne.es\/#website","url":"https:\/\/malne.es\/","name":"Malne","description":"official website. The firm specialises in ready-to-wear design and sewing of luxury customised garments in limited editions.","publisher":{"@id":"https:\/\/malne.es\/#organization"},"potentialAction":[{"@type":"SearchAction","target":{"@type":"EntryPoint","urlTemplate":"https:\/\/malne.es\/?s={search_term_string}"},"query-input":{"@type":"PropertyValueSpecification","valueRequired":true,"valueName":"search_term_string"}}],"inLanguage":"en-GB"},{"@type":"Organization","@id":"https:\/\/malne.es\/#organization","name":"Malne","url":"https:\/\/malne.es\/","logo":{"@type":"ImageObject","inLanguage":"en-GB","@id":"https:\/\/malne.es\/#\/schema\/logo\/image\/","url":"https:\/\/malne.es\/wp-content\/uploads\/2025\/02\/Modo_de_aislamiento.png","contentUrl":"https:\/\/malne.es\/wp-content\/uploads\/2025\/02\/Modo_de_aislamiento.png","width":160,"height":50,"caption":"Malne"},"image":{"@id":"https:\/\/malne.es\/#\/schema\/logo\/image\/"},"sameAs":["https:\/\/www.facebook.com\/malnemadrid\/","https:\/\/x.com\/Malne_Official","https:\/\/www.instagram.com\/malne_official\/?hl=es"]}]}},"_links":{"self":[{"href":"https:\/\/malne.es\/en\/wp-json\/wp\/v2\/pages\/2020","targetHints":{"allow":["GET"]}}],"collection":[{"href":"https:\/\/malne.es\/en\/wp-json\/wp\/v2\/pages"}],"about":[{"href":"https:\/\/malne.es\/en\/wp-json\/wp\/v2\/types\/page"}],"author":[{"embeddable":true,"href":"https:\/\/malne.es\/en\/wp-json\/wp\/v2\/users\/2"}],"replies":[{"embeddable":true,"href":"https:\/\/malne.es\/en\/wp-json\/wp\/v2\/comments?post=2020"}],"version-history":[{"count":51,"href":"https:\/\/malne.es\/en\/wp-json\/wp\/v2\/pages\/2020\/revisions"}],"predecessor-version":[{"id":3495,"href":"https:\/\/malne.es\/en\/wp-json\/wp\/v2\/pages\/2020\/revisions\/3495"}],"wp:attachment":[{"href":"https:\/\/malne.es\/en\/wp-json\/wp\/v2\/media?parent=2020"}],"curies":[{"name":"wp","href":"https:\/\/api.w.org\/{rel}","templated":true}]}}