{"id":1750,"date":"2025-02-11T12:42:53","date_gmt":"2025-02-11T11:42:53","guid":{"rendered":"https:\/\/malne.es\/?page_id=1750"},"modified":"2026-01-27T13:02:58","modified_gmt":"2026-01-27T12:02:58","slug":"cookie-policy","status":"publish","type":"page","link":"https:\/\/malne.es\/en\/politica-de-cookies\/","title":{"rendered":"Cookies policy"},"content":{"rendered":"\n\t\t<div id=\"fws_69ea2f73c2f19\"  data-column-margin=\"default\" data-midnight=\"dark\"  class=\"wpb_row vc_row-fluid vc_row\"  style=\"padding-top: 0px; padding-bottom: 0px; \"><div class=\"row-bg-wrap\" data-bg-animation=\"none\" data-bg-animation-delay=\"\" data-bg-overlay=\"false\"><div class=\"inner-wrap row-bg-layer\" ><div class=\"row-bg viewport-desktop\"  style=\"\"><\/div><\/div><\/div><div class=\"row_col_wrap_12 col span_12 dark left\">\n\t<div  class=\"vc_col-sm-12 wpb_column column_container vc_column_container col no-extra-padding inherit_tablet inherit_phone \"  data-padding-pos=\"all\" data-has-bg-color=\"false\" data-bg-color=\"\" data-bg-opacity=\"1\" data-animation=\"\" data-delay=\"0\" >\n\t\t<div class=\"vc_column-inner\" >\n\t\t\t<div class=\"wpb_wrapper\">\n\t\t\t\t<div class=\"nectar-responsive-text nectar-link-underline-effect\"><h1><span style=\"color: #000000\"><em>Pol\u00edtica de Cookies<\/em><\/span><\/h1>\n<\/div>\n\t\t\t<\/div> \n\t\t<\/div>\n\t<\/div> \n<\/div><\/div>\n\t\t<div id=\"fws_69ea2f73c432a\"  data-column-margin=\"default\" data-midnight=\"dark\"  class=\"wpb_row vc_row-fluid vc_row\"  style=\"padding-top: 0px; padding-bottom: 0px; \"><div class=\"row-bg-wrap\" data-bg-animation=\"none\" data-bg-animation-delay=\"\" data-bg-overlay=\"false\"><div class=\"inner-wrap row-bg-layer\" ><div class=\"row-bg viewport-desktop\"  style=\"\"><\/div><\/div><\/div><div class=\"row_col_wrap_12 col span_12 dark left\">\n\t<div  class=\"vc_col-sm-12 wpb_column column_container vc_column_container col no-extra-padding inherit_tablet inherit_phone \"  data-padding-pos=\"all\" data-has-bg-color=\"false\" data-bg-color=\"\" data-bg-opacity=\"1\" data-animation=\"\" data-delay=\"0\" >\n\t\t<div class=\"vc_column-inner\" >\n\t\t\t<div class=\"wpb_wrapper\">\n\t\t\t\t\n<div class=\"wpb_text_column wpb_content_element \" >\n\t<div class=\"wpb_wrapper\">\n\t\t<p class=\"has-text-align-center\">\n<p style=\"font-size: 13px;\">\n<p style=\"font-size: 13px;\">Cookie es un fichero que se descarga en su ordenador al acceder a determinadas p\u00e1ginas web. Las cookies permiten a una p\u00e1gina web, entre otras cosas, almacenar y recuperar informaci\u00f3n sobre los h\u00e1bitos de navegaci\u00f3n de un usuario o de su equipo y, dependiendo de la informaci\u00f3n que contengan y de la forma en que utilice su equipo, pueden utilizarse para reconocer al usuario. El navegador del usuario memoriza cookies en el disco duro solamente durante la sesi\u00f3n actual ocupando un espacio de memoria m\u00ednimo y no perjudicando al ordenador. Las cookies no contienen ninguna clase de informaci\u00f3n personal espec\u00edfica, y la mayor\u00eda de las mismas se borran del disco duro al finalizar la sesi\u00f3n de navegador (las denominadas cookies de sesi\u00f3n).<\/p>\n<p style=\"font-size: 13px;\">La mayor\u00eda de los navegadores aceptan como est\u00e1ndar a las cookies y, con independencia de las mismas, permiten o impiden en los ajustes de seguridad las cookies temporales o memorizadas.<\/p>\n<p style=\"font-size: 13px;\">Sin su expreso consentimiento \u2013mediante la activaci\u00f3n de las cookies en su navegador- malne.es no enlazar\u00e1 en las cookies los datos memorizados con sus datos personales proporcionados en el momento del registro o la compra.<\/p>\n<p style=\"font-size: 13px;\">\n<p style=\"font-size: 13px;\">\n<p style=\"font-size: 13px;\">\n<h2 class=\"wp-block-heading\">\u00bfQu\u00e9 tipos de cookies utiliza Malne?<\/h2>\n<p style=\"font-size: 13px;\">\n<figure class=\"wp-block-table\" style=\"font-size: 13px;\">\n<table class=\"has-fixed-layout\">\n<thead>\n<tr>\n<th class=\"has-text-align-center\" data-align=\"center\">NOMBRE DE COOKIE<\/th>\n<th>DURACI\u00d3N<\/th>\n<th>PROP\u00d3SITO<\/th>\n<\/tr>\n<\/thead>\n<tbody>\n<tr>\n<td class=\"has-text-align-center\" data-align=\"center\">woocommerce_cart_hash<\/td>\n<td>sesi\u00f3n<\/td>\n<td>Ayuda a WooCommerce a determinar cu\u00e1ndo cambian los contenidos \/ datos del carrito.<\/td>\n<\/tr>\n<tr>\n<td class=\"has-text-align-center\" data-align=\"center\">woocommerce_items_in_cart<\/td>\n<td>sesi\u00f3n<\/td>\n<td>Ayuda a WooCommerce a determinar cu\u00e1ndo cambian los contenidos \/ datos del carrito.<\/td>\n<\/tr>\n<tr>\n<td class=\"has-text-align-center\" data-align=\"center\">wp_woocommerce_session_<\/td>\n<td>2 d\u00edas<\/td>\n<td>Contiene un c\u00f3digo \u00fanico para cada cliente para que sepa d\u00f3nde encontrar los datos del carrito en la base de datos para cada cliente.<\/td>\n<\/tr>\n<tr>\n<td class=\"has-text-align-center\" data-align=\"center\">woocommerce_recently_viewed<\/td>\n<td>sesi\u00f3n<\/td>\n<td>Alimenta el widget Productos vistos recientes.<\/td>\n<\/tr>\n<tr>\n<td class=\"has-text-align-center\" data-align=\"center\">store_notice[notice id]<\/td>\n<td>sesi\u00f3n<\/td>\n<td>Permite a los clientes descartar el aviso de la tienda.<\/td>\n<\/tr>\n<tr>\n<td class=\"has-text-align-center\" data-align=\"center\">wp-settings<\/td>\n<td>1 a\u00f1o<\/td>\n<td>Cookie de WordPress que identifica al usuario con un n\u00famero coincidente al que posee en la base de datos de usuarios de la web. Sirve para personalizar la vista de la interfaz de administraci\u00f3n, as\u00ed como la interfaz principal del sitio.<\/td>\n<\/tr>\n<tr>\n<td class=\"has-text-align-center\" data-align=\"center\">wp-settings-time<\/td>\n<td>1 a\u00f1o<\/td>\n<td>Cookie de WordPress que identifica al usuario con un n\u00famero coincidente al que posee en la base de datos de usuarios de la web. Sirve para personalizar la vista de la interfaz de administraci\u00f3n, as\u00ed como la interfaz principal del sitio.<\/td>\n<\/tr>\n<tr>\n<td class=\"has-text-align-center\" data-align=\"center\">wordpress_test_cookie<\/td>\n<td>sesi\u00f3n<\/td>\n<td>Cookie para la realizaci\u00f3n del test de WordPress.<\/td>\n<\/tr>\n<tr>\n<td class=\"has-text-align-center\" data-align=\"center\">wordpress_sec_<\/td>\n<td>sesi\u00f3n<\/td>\n<td>Cookie funcional utilizada por WordPress para mantener la sesi\u00f3n para un usuario registrado. Para m\u00e1s informaci\u00f3n, consulte la p\u00e1gina de Cookies de WordPress .<\/td>\n<\/tr>\n<tr>\n<td class=\"has-text-align-center\" style=\"text-align: center;\" data-align=\"center\">tk_ai<\/td>\n<td>sesi\u00f3n<\/td>\n<td>Se usa como ID an\u00f3nimo si el usuario que inici\u00f3 sesi\u00f3n no est\u00e1 conectado con WordPress.com. Algunas funciones de Jetpack utilizan aplicaciones y servicios de terceros para mejorar la experiencia de los visitantes. Estos incluyen plataformas de medios sociales como Facebook y Twitter (mediante el uso de botones para compartir). Como resultado, las cookies pueden ser establecidas por estos terceros y utilizadas por ellos para rastrear su actividad en l\u00ednea. No tenemos control directo sobre la informaci\u00f3n recopilada por estas cookies. Se establecen cookies adicionales para aquellos que usan wp-admin y a trav\u00e9s de la cuenta de WordPress.com conectada<\/td>\n<\/tr>\n<tr>\n<td class=\"has-text-align-center\" data-align=\"center\">rs6_overview_pagination<\/td>\n<td>dos a\u00f1os<\/td>\n<td>Sirve para personalizar la interfaz de usuario<\/td>\n<\/tr>\n<tr>\n<td class=\"has-text-align-center\" data-align=\"center\">moove_gdpr_popup<\/td>\n<td>sesi\u00f3n<\/td>\n<td>Utilizada para guardar las preferencias sobre cookies<\/td>\n<\/tr>\n<tr>\n<td class=\"has-text-align-center\" data-align=\"center\">intercom-id-r70azrgx<\/td>\n<td>1 d\u00eda<\/td>\n<td>Cookie usada en el traductor de idiomas<\/td>\n<\/tr>\n<\/tbody>\n<\/table>\n<p>&nbsp;<\/p>\n<\/figure>\n<p style=\"font-size: 13px;\">\n<ul class=\"wp-block-list\"><\/ul>\n<ul>\n<li style=\"font-size: 13px;\"><strong>Cookies t\u00e9cnicas<\/strong>: Son aqu\u00e9llas que permiten al usuario la navegaci\u00f3n a trav\u00e9s de una p\u00e1gina web, plataforma o aplicaci\u00f3n y la utilizaci\u00f3n de las diferentes opciones o servicios que en ella existan como, por ejemplo, controlar el tr\u00e1fico y la comunicaci\u00f3n de datos, identificar la sesi\u00f3n, acceder a partes de acceso restringido, recordar los elementos que integran un pedido, realizar el proceso de compra de un pedido, realizar la solicitud de inscripci\u00f3n o participaci\u00f3n en un evento, utilizar elementos de seguridad durante la navegaci\u00f3n, almacenar contenidos para la difusi\u00f3n de videos o sonido o compartir contenidos a trav\u00e9s de redes sociales.<\/li>\n<\/ul>\n<p class=\"has-text-align-center\">\n<ul>\n<li style=\"font-size: 13px;\"><strong>Cookies de personalizaci\u00f3n<\/strong>: Son aqu\u00e9llas que permiten al usuario acceder al servicio con algunas caracter\u00edsticas de car\u00e1cter general predefinidas en funci\u00f3n de una serie de criterios en el terminal del usuario como por ejemplo serian el idioma, el tipo de navegador a trav\u00e9s del cual accede al servicio, la configuraci\u00f3n regional desde donde accede al servicio, etc.<\/li>\n<\/ul>\n<p class=\"has-text-align-center\">\n<ul>\n<li style=\"font-size: 13px;\"><strong>Cookies de an\u00e1lisis<\/strong>: Son aqu\u00e9llas que bien tratadas por nosotros o por terceros, nos permiten cuantificar el n\u00famero de usuarios y as\u00ed realizar la medici\u00f3n y an\u00e1lisis estad\u00edstico de la utilizaci\u00f3n que hacen los usuarios del servicio ofertado. Para ello se analiza su navegaci\u00f3n en nuestra p\u00e1gina web con el fin de mejorar la oferta de productos o servicios que le ofrecemos.<\/li>\n<\/ul>\n<p class=\"has-text-align-center\">\n<ul>\n<li style=\"font-size: 13px;\"><strong>Cookies publicitarias<\/strong>: Son aqu\u00e9llas que, bien tratadas por nosotros o por terceros, nos permiten gestionar de la forma m\u00e1s eficaz posible la oferta de los espacios publicitarios que hay en la p\u00e1gina web, adecuando el contenido del anuncio al contenido del servicio solicitado o al uso que realice de nuestra p\u00e1gina web. Para ello podemos analizar sus h\u00e1bitos de navegaci\u00f3n en Internet y podemos mostrarle publicidad relacionada con su perfil de navegaci\u00f3n.<\/li>\n<\/ul>\n<p class=\"has-text-align-center\">\n<ul>\n<li style=\"font-size: 13px;\"><strong>Cookies de publicidad comportamental<\/strong>: Son aqu\u00e9llas que permiten la gesti\u00f3n, de la forma m\u00e1s eficaz posible, de los espacios publicitarios que, en su caso, el editor haya incluido en una p\u00e1gina web, aplicaci\u00f3n o plataforma desde la que presta el servicio solicitado. Estas cookies almacenan informaci\u00f3n del comportamiento de los usuarios obtenida a trav\u00e9s de la observaci\u00f3n continuada de sus h\u00e1bitos de navegaci\u00f3n, lo que permite desarrollar un perfil espec\u00edfico para mostrar publicidad en funci\u00f3n del mismo.<\/li>\n<\/ul>\n<p class=\"has-text-align-center\">\n<ul>\n<li style=\"font-size: 13px;\"><strong>Cookies de terceros<\/strong>: La Web de malne.es puede utilizar servicios de terceros que, por cuenta de malne.es, recopilaran informaci\u00f3n con fines estad\u00edsticos, de uso del Site por parte del usuario y para la prestacion de otros servicios relacionados con la actividad del Website y otros servicios de Internet.<\/li>\n<\/ul>\n<p>&nbsp;<\/p>\n<p class=\"has-text-align-center\">\n<p style=\"font-size: 13px;\">En particular, este sitio Web utiliza Google Analytics, un servicio anal\u00edtico de web prestado por Google, Inc. con domicilio en los Estados Unidos con sede central en 1600 Amphitheatre Parkway, Mountain View, California 94043. Para la prestaci\u00f3n de estos servicios, estos utilizan cookies que recopilan la informaci\u00f3n, incluida la direcci\u00f3n IP del usuario, que ser\u00e1 transmitida, tratada y almacenada por Google en los t\u00e9rminos fijados en la Web Google.com. Incluyendo la posible transmisi\u00f3n de dicha informaci\u00f3n a terceros por razones de exigencia legal o cuando dichos terceros procesen la informaci\u00f3n por cuenta de Google.<\/p>\n<p class=\"has-text-align-center\">\n<p style=\"font-size: 13px;\">El Usuario acepta expresamente, por la utilizaci\u00f3n de este Site, el tratamiento de la informaci\u00f3n recabada en la forma y con los fines anteriormente mencionados. Y asimismo reconoce conocer la posibilidad de rechazar el tratamiento de tales datos o informaci\u00f3n rechazando el uso de Cookies mediante la selecci\u00f3n de la configuraci\u00f3n apropiada a tal fin en su navegador. Si bien esta opci\u00f3n de bloqueo de Cookies en su navegador puede no permitirle el uso pleno de todas las funcionalidades del Website.<\/p>\n<p class=\"has-text-align-center\">\n<p class=\"has-text-align-center\">\n<p style=\"font-size: 13px;\">Si tiene dudas sobre esta pol\u00edtica de cookies, puede contactar con Malne\u00a0<a href=\"mailto:info@malne.es\">info@malne.es.<\/a><\/p>\n<p class=\"has-text-align-center\">\n\t<\/div>\n<\/div>\n\n\n\n\n\t\t\t<\/div> \n\t\t<\/div>\n\t<\/div> \n<\/div><\/div>","protected":false},"excerpt":{"rendered":"Pol\u00edtica de Cookies Cookie es un fichero que se descarga en su ordenador al acceder a determinadas p\u00e1ginas web. Las cookies permiten a una p\u00e1gina web, entre otras cosas, almacenar...","protected":false},"author":2,"featured_media":0,"parent":0,"menu_order":0,"comment_status":"closed","ping_status":"open","template":"","meta":{"_acf_changed":false,"inline_featured_image":false,"footnotes":""},"class_list":["post-1750","page","type-page","status-publish"],"acf":[],"yoast_head":"<!-- This site is optimized with the Yoast SEO plugin v25.5 - https:\/\/yoast.com\/wordpress\/plugins\/seo\/ -->\n<title>Pol\u00edtica de cookies - Malne<\/title>\n<meta name=\"description\" content=\"Consulta la Pol\u00edtica de Cookies de Malne La Maison: conoce qu\u00e9 tipos de cookies usamos, con qu\u00e9 finalidad y c\u00f3mo puedes gestionar tus preferencias\" \/>\n<meta name=\"robots\" content=\"index, follow, max-snippet:-1, max-image-preview:large, max-video-preview:-1\" \/>\n<link rel=\"canonical\" href=\"https:\/\/malne.es\/en\/cookie-policy\/\" \/>\n<meta property=\"og:locale\" content=\"en_GB\" \/>\n<meta property=\"og:type\" content=\"article\" \/>\n<meta property=\"og:title\" content=\"Pol\u00edtica de cookies - Malne\" \/>\n<meta property=\"og:description\" content=\"Consulta la Pol\u00edtica de Cookies de Malne La Maison: conoce qu\u00e9 tipos de cookies usamos, con qu\u00e9 finalidad y c\u00f3mo puedes gestionar tus preferencias\" \/>\n<meta property=\"og:url\" content=\"https:\/\/malne.es\/en\/cookie-policy\/\" \/>\n<meta property=\"og:site_name\" content=\"Malne\" \/>\n<meta property=\"article:publisher\" content=\"https:\/\/www.facebook.com\/malnemadrid\/\" \/>\n<meta property=\"article:modified_time\" content=\"2026-01-27T12:02:58+00:00\" \/>\n<meta name=\"twitter:card\" content=\"summary_large_image\" \/>\n<meta name=\"twitter:site\" content=\"@Malne_Official\" \/>\n<meta name=\"twitter:label1\" content=\"Estimated reading time\" \/>\n\t<meta name=\"twitter:data1\" content=\"6 minutes\" \/>\n<script type=\"application\/ld+json\" class=\"yoast-schema-graph\">{\"@context\":\"https:\/\/schema.org\",\"@graph\":[{\"@type\":\"WebPage\",\"@id\":\"https:\/\/malne.es\/politica-de-cookies\/\",\"url\":\"https:\/\/malne.es\/politica-de-cookies\/\",\"name\":\"Pol\u00edtica de cookies - Malne\",\"isPartOf\":{\"@id\":\"https:\/\/malne.es\/#website\"},\"datePublished\":\"2025-02-11T11:42:53+00:00\",\"dateModified\":\"2026-01-27T12:02:58+00:00\",\"description\":\"Consulta la Pol\u00edtica de Cookies de Malne La Maison: conoce qu\u00e9 tipos de cookies usamos, con qu\u00e9 finalidad y c\u00f3mo puedes gestionar tus preferencias\",\"breadcrumb\":{\"@id\":\"https:\/\/malne.es\/politica-de-cookies\/#breadcrumb\"},\"inLanguage\":\"en-GB\",\"potentialAction\":[{\"@type\":\"ReadAction\",\"target\":[\"https:\/\/malne.es\/politica-de-cookies\/\"]}]},{\"@type\":\"BreadcrumbList\",\"@id\":\"https:\/\/malne.es\/politica-de-cookies\/#breadcrumb\",\"itemListElement\":[{\"@type\":\"ListItem\",\"position\":1,\"name\":\"Home\",\"item\":\"https:\/\/malne.es\/\"},{\"@type\":\"ListItem\",\"position\":2,\"name\":\"Pol\u00edtica de cookies\"}]},{\"@type\":\"WebSite\",\"@id\":\"https:\/\/malne.es\/#website\",\"url\":\"https:\/\/malne.es\/\",\"name\":\"Malne\",\"description\":\"sitio oficial. Firma especializada en dise\u00f1o de pr\u00eat-\u00e0-porter y costura de prendas de lujo personalizado en ediciones limitadas.\",\"publisher\":{\"@id\":\"https:\/\/malne.es\/#organization\"},\"potentialAction\":[{\"@type\":\"SearchAction\",\"target\":{\"@type\":\"EntryPoint\",\"urlTemplate\":\"https:\/\/malne.es\/?s={search_term_string}\"},\"query-input\":{\"@type\":\"PropertyValueSpecification\",\"valueRequired\":true,\"valueName\":\"search_term_string\"}}],\"inLanguage\":\"en-GB\"},{\"@type\":\"Organization\",\"@id\":\"https:\/\/malne.es\/#organization\",\"name\":\"Malne\",\"url\":\"https:\/\/malne.es\/\",\"logo\":{\"@type\":\"ImageObject\",\"inLanguage\":\"en-GB\",\"@id\":\"https:\/\/malne.es\/#\/schema\/logo\/image\/\",\"url\":\"https:\/\/malne.es\/wp-content\/uploads\/2025\/02\/Modo_de_aislamiento.png\",\"contentUrl\":\"https:\/\/malne.es\/wp-content\/uploads\/2025\/02\/Modo_de_aislamiento.png\",\"width\":160,\"height\":50,\"caption\":\"Malne\"},\"image\":{\"@id\":\"https:\/\/malne.es\/#\/schema\/logo\/image\/\"},\"sameAs\":[\"https:\/\/www.facebook.com\/malnemadrid\/\",\"https:\/\/x.com\/Malne_Official\",\"https:\/\/www.instagram.com\/malne_official\/?hl=es\"]}]}<\/script>\n<!-- \/ Yoast SEO plugin. -->","yoast_head_json":{"title":"Cookie policy - Malne","description":"Consult Malne La Maison's Cookie Policy: find out what types of cookies we use, for what purpose and how you can manage your preferences.","robots":{"index":"index","follow":"follow","max-snippet":"max-snippet:-1","max-image-preview":"max-image-preview:large","max-video-preview":"max-video-preview:-1"},"canonical":"https:\/\/malne.es\/en\/cookie-policy\/","og_locale":"en_GB","og_type":"article","og_title":"Pol\u00edtica de cookies - Malne","og_description":"Consulta la Pol\u00edtica de Cookies de Malne La Maison: conoce qu\u00e9 tipos de cookies usamos, con qu\u00e9 finalidad y c\u00f3mo puedes gestionar tus preferencias","og_url":"https:\/\/malne.es\/en\/cookie-policy\/","og_site_name":"Malne","article_publisher":"https:\/\/www.facebook.com\/malnemadrid\/","article_modified_time":"2026-01-27T12:02:58+00:00","twitter_card":"summary_large_image","twitter_site":"@Malne_Official","twitter_misc":{"Estimated reading time":"6 minutes"},"schema":{"@context":"https:\/\/schema.org","@graph":[{"@type":"WebPage","@id":"https:\/\/malne.es\/politica-de-cookies\/","url":"https:\/\/malne.es\/politica-de-cookies\/","name":"Cookie policy - Malne","isPartOf":{"@id":"https:\/\/malne.es\/#website"},"datePublished":"2025-02-11T11:42:53+00:00","dateModified":"2026-01-27T12:02:58+00:00","description":"Consult Malne La Maison's Cookie Policy: find out what types of cookies we use, for what purpose and how you can manage your preferences.","breadcrumb":{"@id":"https:\/\/malne.es\/politica-de-cookies\/#breadcrumb"},"inLanguage":"en-GB","potentialAction":[{"@type":"ReadAction","target":["https:\/\/malne.es\/politica-de-cookies\/"]}]},{"@type":"BreadcrumbList","@id":"https:\/\/malne.es\/politica-de-cookies\/#breadcrumb","itemListElement":[{"@type":"ListItem","position":1,"name":"Home","item":"https:\/\/malne.es\/"},{"@type":"ListItem","position":2,"name":"Pol\u00edtica de cookies"}]},{"@type":"WebSite","@id":"https:\/\/malne.es\/#website","url":"https:\/\/malne.es\/","name":"Malne","description":"official website. The firm specialises in ready-to-wear design and sewing of luxury customised garments in limited editions.","publisher":{"@id":"https:\/\/malne.es\/#organization"},"potentialAction":[{"@type":"SearchAction","target":{"@type":"EntryPoint","urlTemplate":"https:\/\/malne.es\/?s={search_term_string}"},"query-input":{"@type":"PropertyValueSpecification","valueRequired":true,"valueName":"search_term_string"}}],"inLanguage":"en-GB"},{"@type":"Organization","@id":"https:\/\/malne.es\/#organization","name":"Malne","url":"https:\/\/malne.es\/","logo":{"@type":"ImageObject","inLanguage":"en-GB","@id":"https:\/\/malne.es\/#\/schema\/logo\/image\/","url":"https:\/\/malne.es\/wp-content\/uploads\/2025\/02\/Modo_de_aislamiento.png","contentUrl":"https:\/\/malne.es\/wp-content\/uploads\/2025\/02\/Modo_de_aislamiento.png","width":160,"height":50,"caption":"Malne"},"image":{"@id":"https:\/\/malne.es\/#\/schema\/logo\/image\/"},"sameAs":["https:\/\/www.facebook.com\/malnemadrid\/","https:\/\/x.com\/Malne_Official","https:\/\/www.instagram.com\/malne_official\/?hl=es"]}]}},"_links":{"self":[{"href":"https:\/\/malne.es\/en\/wp-json\/wp\/v2\/pages\/1750","targetHints":{"allow":["GET"]}}],"collection":[{"href":"https:\/\/malne.es\/en\/wp-json\/wp\/v2\/pages"}],"about":[{"href":"https:\/\/malne.es\/en\/wp-json\/wp\/v2\/types\/page"}],"author":[{"embeddable":true,"href":"https:\/\/malne.es\/en\/wp-json\/wp\/v2\/users\/2"}],"replies":[{"embeddable":true,"href":"https:\/\/malne.es\/en\/wp-json\/wp\/v2\/comments?post=1750"}],"version-history":[{"count":11,"href":"https:\/\/malne.es\/en\/wp-json\/wp\/v2\/pages\/1750\/revisions"}],"predecessor-version":[{"id":1927,"href":"https:\/\/malne.es\/en\/wp-json\/wp\/v2\/pages\/1750\/revisions\/1927"}],"wp:attachment":[{"href":"https:\/\/malne.es\/en\/wp-json\/wp\/v2\/media?parent=1750"}],"curies":[{"name":"wp","href":"https:\/\/api.w.org\/{rel}","templated":true}]}}