{"id":16,"date":"2025-02-11T12:59:39","date_gmt":"2025-02-11T11:59:39","guid":{"rendered":"https:\/\/malne.es\/?page_id=16"},"modified":"2026-01-27T13:04:14","modified_gmt":"2026-01-27T12:04:14","slug":"legal-notice","status":"publish","type":"page","link":"https:\/\/malne.es\/en\/aviso-legal\/","title":{"rendered":"Legal notice"},"content":{"rendered":"<div id=\"fws_69f2481bb43e7\"  data-column-margin=\"default\" data-midnight=\"dark\"  class=\"wpb_row vc_row-fluid vc_row\"  style=\"padding-top: 40px; padding-bottom: 0px; \"><div class=\"row-bg-wrap\" data-bg-animation=\"none\" data-bg-animation-delay=\"\" data-bg-overlay=\"false\"><div class=\"inner-wrap row-bg-layer\" ><div class=\"row-bg viewport-desktop\"  style=\"\"><\/div><\/div><\/div><div class=\"row_col_wrap_12 col span_12 dark left\">\n\t<div style=\"margin-bottom: 40px; \" class=\"vc_col-sm-12 wpb_column column_container vc_column_container col no-extra-padding inherit_tablet inherit_phone\"  data-padding-pos=\"all\" data-has-bg-color=\"false\" data-bg-color=\"\" data-bg-opacity=\"1\" data-animation=\"\" data-delay=\"0\" >\n\t\t<div class=\"vc_column-inner\" >\n\t\t\t<div class=\"wpb_wrapper\">\n\t\t\t\t<div class=\"nectar-responsive-text font_size_desktop_80px font_size_phone_35px nectar-link-underline-effect\" style=\"color: #000000;\" data-inherit-heading-family=\"h1\"><h1><em>Intellectual Property<\/em><\/h1>\n<\/div><div class=\"nectar-responsive-text nectar-link-underline-effect\"><\/div>\n\t\t\t<\/div> \n\t\t<\/div>\n\t<\/div> \n<\/div><\/div>\n\t\t<div id=\"fws_69f2481bb5e42\"  data-column-margin=\"default\" data-midnight=\"dark\"  class=\"wpb_row vc_row-fluid vc_row\"  style=\"padding-top: 0px; padding-bottom: 0px; \"><div class=\"row-bg-wrap\" data-bg-animation=\"none\" data-bg-animation-delay=\"\" data-bg-overlay=\"false\"><div class=\"inner-wrap row-bg-layer\" ><div class=\"row-bg viewport-desktop\"  style=\"\"><\/div><\/div><\/div><div class=\"row_col_wrap_12 col span_12 dark left\">\n\t<div style=\"margin-top: 40px; \" class=\"vc_col-sm-12 wpb_column column_container vc_column_container col no-extra-padding inherit_tablet inherit_phone\"  data-padding-pos=\"all\" data-has-bg-color=\"false\" data-bg-color=\"\" data-bg-opacity=\"1\" data-animation=\"\" data-delay=\"0\" >\n\t\t<div class=\"vc_column-inner\" >\n\t\t\t<div class=\"wpb_wrapper\">\n\t\t\t\t\n<div class=\"wpb_text_column wpb_content_element\" >\n\t<div class=\"wpb_wrapper\">\n\t\t<p>The user acknowledges and agrees that all copyrights, designs, photographs\u2014including all image rights\u2014graphics, sounds, music, video, audio, text, trademarks, and all other content and intellectual and material rights related to the content are protected by copyright and other intellectual property rights belonging to LA MAISON MADRID FASHION, S.L.<\/p>\n<p>&nbsp;<\/p>\n<h2 class=\"wp-block-heading\" style=\"text-align: left;\"><strong>IDENTIFYING INFORMATION<\/strong><\/h2>\n<div class=\"fusion-text fusion-text-2\">\n<p>In compliance with the information duty established in Article 10 of Law 34\/2002, of July 11, on Information Society Services and Electronic Commerce, the following data is provided: the company LA MAISON MADRID FASHION, S.L. is the owner of the web domains www.malne.es, with its registered address for these purposes at C\/ ALCAL\u00c1, 58 1 IZQ \u2013 28014 MADRID. Tax ID (C.I.F.): B56760192, registered in the Madrid Mercantile Registry.<\/p>\n<\/div>\n<p>&nbsp;<\/p>\n<h2 class=\"wp-block-heading\" style=\"text-align: left;\"><strong>GENERAL TERMS OF USE OF THE MALNE WEBSITE<\/strong><\/h2>\n<p>LA MAISON MADRID FASHION, S.L., with registered address at C\/ ALCAL\u00c1, 58 1 IZQ \u2013 28014 MADRID, SPAIN, and Tax ID (CIF) B56760192, provides on its website malne.es certain informational content about its activities.<\/p>\n<p>These general conditions govern exclusively the use of the Malne website by its users. These general conditions are presented to the user on the malne.es website on every page and each time a user enters their data into the existing forms, so that they may read, print, save, and accept them online. Users cannot submit their data effectively without having first accepted these conditions.<\/p>\n<p>Accessing the Malne website implies unconditional acceptance of these general terms of use, which the user affirms to fully understand. The user agrees not to use the website or the services offered therein for activities contrary to the law and to comply with these general conditions at all times.<\/p>\n<p>&nbsp;<\/p>\n<hr class=\"wp-block-separator has-alpha-channel-opacity\" \/>\n<h3 class=\"wp-block-heading\" style=\"text-align: left;\"><strong>FIRST \u2013 TERMS OF ACCESS AND USE<\/strong><\/h3>\n<hr class=\"wp-block-separator has-alpha-channel-opacity\" \/>\n<p>1.1. The use of the Malne website does not require user registration. The terms of access and use of this website are strictly governed by current legislation and the principle of good faith, with the user committing to making proper use of the website. All acts that violate the law, rights, or interests of third parties\u2014such as the right to privacy, data protection, intellectual property, etc.\u2014are prohibited. Malne expressly prohibits the following:<\/p>\n<p>1.1.1. To carry out actions that may cause any type of damage to Malne\u2019s systems or to third parties on or through the website by any means.<\/p>\n<p>1.1.2. To carry out any type of advertising or commercial information without proper authorization, whether directly or covertly, including sending mass emails (\"spamming\") or large volumes of messages aimed at blocking network servers (\"mail bombing\").<\/p>\n<p>1.2. Malne may interrupt access to its website at any time if it detects use contrary to the law, good faith, or these general conditions \u2014 see clause five.<\/p>\n<hr class=\"wp-block-separator has-alpha-channel-opacity\" \/>\n<h3 class=\"wp-block-heading\" style=\"text-align: left;\"><strong>SECOND \u2013 CONTENTS<\/strong><\/h3>\n<hr class=\"wp-block-separator has-alpha-channel-opacity\" \/>\n<p>The content included on this website has been created and provided by:<\/p>\n<p>2.1. Malne, using both internal and external sources, assumes responsibility only for the content created internally.<\/p>\n<p>2.2. Malne reserves the right to modify, at any time, the content available on its website.<\/p>\n<p>&nbsp;<\/p>\n<hr class=\"wp-block-separator has-alpha-channel-opacity\" \/>\n<h3 class=\"wp-block-heading\" style=\"text-align: left;\"><strong>THIRD \u2013 COPYRIGHT AND TRADEMARKS<\/strong><\/h3>\n<hr class=\"wp-block-separator has-alpha-channel-opacity\" \/>\n<div class=\"fusion-text fusion-text-9\">\n<p>Malne informs that the content, programming, and design of the website malne.es are fully protected by copyright. Any reproduction, communication, distribution, or modification of these protected elements is expressly prohibited without Malne's explicit consent. Malne uses external sources for content creation on certain occasions and also includes links or hyperlinks to third-party articles or information, always citing the source. The legitimate copyright holders of such included information may request the removal of these references at any time.<\/p>\n<p>&nbsp;<\/p>\n<\/div>\n<hr class=\"wp-block-separator has-alpha-channel-opacity\" \/>\n<h3 class=\"wp-block-heading\" style=\"text-align: left;\"><strong>FOURTH \u2013 JURISDICTION AND APPLICABLE LAW<\/strong><\/h3>\n<hr class=\"wp-block-separator has-alpha-channel-opacity\" \/>\n<div class=\"fusion-text fusion-text-11\">\n<p>These general conditions are governed by Spanish law. The courts of Madrid shall have jurisdiction to resolve any dispute or conflict arising from these general conditions, with the user expressly waiving any other jurisdiction that may correspond to them.<\/p>\n<p>&nbsp;<\/p>\n<\/div>\n<hr class=\"wp-block-separator has-alpha-channel-opacity\" \/>\n<h3 class=\"wp-block-heading\" style=\"text-align: left;\"><strong>FIFTH \u2013<\/strong><\/h3>\n<hr class=\"wp-block-separator has-alpha-channel-opacity\" \/>\n<p>If any clause of this document is declared null or void, the remaining clauses shall remain in effect and shall be interpreted taking into account the intent of the parties and the purpose of these conditions. Malne may choose not to exercise any of the rights and powers granted in this document, which shall not be considered a waiver of such rights unless expressly acknowledged by Malne.<\/p>\n\t<\/div>\n<\/div>\n\n\n\n\n\t\t\t<\/div> \n\t\t<\/div>\n\t<\/div> \n<\/div><\/div>","protected":false},"excerpt":{"rendered":"Intellectual Property The user acknowledges and agrees that all copyright, designs, photographs including all image rights, graphics, sounds, music, video, audio, text,...","protected":false},"author":2,"featured_media":0,"parent":0,"menu_order":0,"comment_status":"closed","ping_status":"closed","template":"","meta":{"_acf_changed":false,"inline_featured_image":false,"footnotes":""},"class_list":["post-16","page","type-page","status-publish"],"acf":[],"yoast_head":"<!-- This site is optimized with the Yoast SEO plugin v25.5 - https:\/\/yoast.com\/wordpress\/plugins\/seo\/ -->\n<title>Aviso legal - Malne<\/title>\n<meta name=\"description\" content=\"Consulta el Aviso Legal de Malne La Maison: derechos de propiedad, responsabilidad legal, uso del sitio y contacto para informaci\u00f3n jur\u00eddica\" \/>\n<meta name=\"robots\" content=\"index, follow, max-snippet:-1, max-image-preview:large, max-video-preview:-1\" \/>\n<link rel=\"canonical\" href=\"https:\/\/malne.es\/en\/legal-notice\/\" \/>\n<meta property=\"og:locale\" content=\"en_GB\" \/>\n<meta property=\"og:type\" content=\"article\" \/>\n<meta property=\"og:title\" content=\"Aviso legal - Malne\" \/>\n<meta property=\"og:description\" content=\"Consulta el Aviso Legal de Malne La Maison: derechos de propiedad, responsabilidad legal, uso del sitio y contacto para informaci\u00f3n jur\u00eddica\" \/>\n<meta property=\"og:url\" content=\"https:\/\/malne.es\/en\/legal-notice\/\" \/>\n<meta property=\"og:site_name\" content=\"Malne\" \/>\n<meta property=\"article:publisher\" content=\"https:\/\/www.facebook.com\/malnemadrid\/\" \/>\n<meta property=\"article:modified_time\" content=\"2026-01-27T12:04:14+00:00\" \/>\n<meta name=\"twitter:card\" content=\"summary_large_image\" \/>\n<meta name=\"twitter:site\" content=\"@Malne_Official\" \/>\n<meta name=\"twitter:label1\" content=\"Estimated reading time\" \/>\n\t<meta name=\"twitter:data1\" content=\"4 minutes\" \/>\n<script type=\"application\/ld+json\" class=\"yoast-schema-graph\">{\"@context\":\"https:\/\/schema.org\",\"@graph\":[{\"@type\":\"WebPage\",\"@id\":\"https:\/\/malne.es\/aviso-legal\/\",\"url\":\"https:\/\/malne.es\/aviso-legal\/\",\"name\":\"Aviso legal - Malne\",\"isPartOf\":{\"@id\":\"https:\/\/malne.es\/#website\"},\"datePublished\":\"2025-02-11T11:59:39+00:00\",\"dateModified\":\"2026-01-27T12:04:14+00:00\",\"description\":\"Consulta el Aviso Legal de Malne La Maison: derechos de propiedad, responsabilidad legal, uso del sitio y contacto para informaci\u00f3n jur\u00eddica\",\"breadcrumb\":{\"@id\":\"https:\/\/malne.es\/aviso-legal\/#breadcrumb\"},\"inLanguage\":\"en-GB\",\"potentialAction\":[{\"@type\":\"ReadAction\",\"target\":[\"https:\/\/malne.es\/aviso-legal\/\"]}]},{\"@type\":\"BreadcrumbList\",\"@id\":\"https:\/\/malne.es\/aviso-legal\/#breadcrumb\",\"itemListElement\":[{\"@type\":\"ListItem\",\"position\":1,\"name\":\"Home\",\"item\":\"https:\/\/malne.es\/\"},{\"@type\":\"ListItem\",\"position\":2,\"name\":\"Aviso legal\"}]},{\"@type\":\"WebSite\",\"@id\":\"https:\/\/malne.es\/#website\",\"url\":\"https:\/\/malne.es\/\",\"name\":\"Malne\",\"description\":\"sitio oficial. Firma especializada en dise\u00f1o de pr\u00eat-\u00e0-porter y costura de prendas de lujo personalizado en ediciones limitadas.\",\"publisher\":{\"@id\":\"https:\/\/malne.es\/#organization\"},\"potentialAction\":[{\"@type\":\"SearchAction\",\"target\":{\"@type\":\"EntryPoint\",\"urlTemplate\":\"https:\/\/malne.es\/?s={search_term_string}\"},\"query-input\":{\"@type\":\"PropertyValueSpecification\",\"valueRequired\":true,\"valueName\":\"search_term_string\"}}],\"inLanguage\":\"en-GB\"},{\"@type\":\"Organization\",\"@id\":\"https:\/\/malne.es\/#organization\",\"name\":\"Malne\",\"url\":\"https:\/\/malne.es\/\",\"logo\":{\"@type\":\"ImageObject\",\"inLanguage\":\"en-GB\",\"@id\":\"https:\/\/malne.es\/#\/schema\/logo\/image\/\",\"url\":\"https:\/\/malne.es\/wp-content\/uploads\/2025\/02\/Modo_de_aislamiento.png\",\"contentUrl\":\"https:\/\/malne.es\/wp-content\/uploads\/2025\/02\/Modo_de_aislamiento.png\",\"width\":160,\"height\":50,\"caption\":\"Malne\"},\"image\":{\"@id\":\"https:\/\/malne.es\/#\/schema\/logo\/image\/\"},\"sameAs\":[\"https:\/\/www.facebook.com\/malnemadrid\/\",\"https:\/\/x.com\/Malne_Official\",\"https:\/\/www.instagram.com\/malne_official\/?hl=es\"]}]}<\/script>\n<!-- \/ Yoast SEO plugin. -->","yoast_head_json":{"title":"Legal Notice - Malne","description":"Consult Malne La Maison's Legal Notice: property rights, legal responsibility, use of the site and contact for legal information.","robots":{"index":"index","follow":"follow","max-snippet":"max-snippet:-1","max-image-preview":"max-image-preview:large","max-video-preview":"max-video-preview:-1"},"canonical":"https:\/\/malne.es\/en\/legal-notice\/","og_locale":"en_GB","og_type":"article","og_title":"Aviso legal - Malne","og_description":"Consulta el Aviso Legal de Malne La Maison: derechos de propiedad, responsabilidad legal, uso del sitio y contacto para informaci\u00f3n jur\u00eddica","og_url":"https:\/\/malne.es\/en\/legal-notice\/","og_site_name":"Malne","article_publisher":"https:\/\/www.facebook.com\/malnemadrid\/","article_modified_time":"2026-01-27T12:04:14+00:00","twitter_card":"summary_large_image","twitter_site":"@Malne_Official","twitter_misc":{"Estimated reading time":"4 minutes"},"schema":{"@context":"https:\/\/schema.org","@graph":[{"@type":"WebPage","@id":"https:\/\/malne.es\/aviso-legal\/","url":"https:\/\/malne.es\/aviso-legal\/","name":"Legal Notice - Malne","isPartOf":{"@id":"https:\/\/malne.es\/#website"},"datePublished":"2025-02-11T11:59:39+00:00","dateModified":"2026-01-27T12:04:14+00:00","description":"Consult Malne La Maison's Legal Notice: property rights, legal responsibility, use of the site and contact for legal information.","breadcrumb":{"@id":"https:\/\/malne.es\/aviso-legal\/#breadcrumb"},"inLanguage":"en-GB","potentialAction":[{"@type":"ReadAction","target":["https:\/\/malne.es\/aviso-legal\/"]}]},{"@type":"BreadcrumbList","@id":"https:\/\/malne.es\/aviso-legal\/#breadcrumb","itemListElement":[{"@type":"ListItem","position":1,"name":"Home","item":"https:\/\/malne.es\/"},{"@type":"ListItem","position":2,"name":"Aviso legal"}]},{"@type":"WebSite","@id":"https:\/\/malne.es\/#website","url":"https:\/\/malne.es\/","name":"Malne","description":"official website. The firm specialises in ready-to-wear design and sewing of luxury customised garments in limited editions.","publisher":{"@id":"https:\/\/malne.es\/#organization"},"potentialAction":[{"@type":"SearchAction","target":{"@type":"EntryPoint","urlTemplate":"https:\/\/malne.es\/?s={search_term_string}"},"query-input":{"@type":"PropertyValueSpecification","valueRequired":true,"valueName":"search_term_string"}}],"inLanguage":"en-GB"},{"@type":"Organization","@id":"https:\/\/malne.es\/#organization","name":"Malne","url":"https:\/\/malne.es\/","logo":{"@type":"ImageObject","inLanguage":"en-GB","@id":"https:\/\/malne.es\/#\/schema\/logo\/image\/","url":"https:\/\/malne.es\/wp-content\/uploads\/2025\/02\/Modo_de_aislamiento.png","contentUrl":"https:\/\/malne.es\/wp-content\/uploads\/2025\/02\/Modo_de_aislamiento.png","width":160,"height":50,"caption":"Malne"},"image":{"@id":"https:\/\/malne.es\/#\/schema\/logo\/image\/"},"sameAs":["https:\/\/www.facebook.com\/malnemadrid\/","https:\/\/x.com\/Malne_Official","https:\/\/www.instagram.com\/malne_official\/?hl=es"]}]}},"_links":{"self":[{"href":"https:\/\/malne.es\/en\/wp-json\/wp\/v2\/pages\/16","targetHints":{"allow":["GET"]}}],"collection":[{"href":"https:\/\/malne.es\/en\/wp-json\/wp\/v2\/pages"}],"about":[{"href":"https:\/\/malne.es\/en\/wp-json\/wp\/v2\/types\/page"}],"author":[{"embeddable":true,"href":"https:\/\/malne.es\/en\/wp-json\/wp\/v2\/users\/2"}],"replies":[{"embeddable":true,"href":"https:\/\/malne.es\/en\/wp-json\/wp\/v2\/comments?post=16"}],"version-history":[{"count":14,"href":"https:\/\/malne.es\/en\/wp-json\/wp\/v2\/pages\/16\/revisions"}],"predecessor-version":[{"id":3500,"href":"https:\/\/malne.es\/en\/wp-json\/wp\/v2\/pages\/16\/revisions\/3500"}],"wp:attachment":[{"href":"https:\/\/malne.es\/en\/wp-json\/wp\/v2\/media?parent=16"}],"curies":[{"name":"wp","href":"https:\/\/api.w.org\/{rel}","templated":true}]}}